{"id":81430,"date":"2026-03-23T16:53:31","date_gmt":"2026-03-23T15:53:31","guid":{"rendered":"https:\/\/www.bthv.de\/blog\/?page_id=81430"},"modified":"2026-03-25T10:08:31","modified_gmt":"2026-03-25T09:08:31","slug":"engagement","status":"publish","type":"page","link":"https:\/\/www.bthv.de\/blog\/engagement","title":{"rendered":"Engagement f\u00fcr ukrainische Jugendliche beim BTHV"},"content":{"rendered":"<p><strong>Engagement f\u00fcr ukrainische Jugendliche beim BTHV<\/strong><\/p>\n<p>Im April 2022, kurz nach Beginn des Krieges in der Ukraine, organisierte der Bonner Tennis- und Hockeyverein (BTHV) gemeinsam mit engagierten Unterst\u00fctzern \u2013 darunter die inzwischen verstorbene Apothekerin Anja Istel \u2013 einen Hilfstransport in die Ukraine. Parallel dazu wurde ein kostenloses Trainingsangebot f\u00fcr gefl\u00fcchtete Jugendliche ins Leben gerufen, das bis heute zweimal w\u00f6chentlich stattfindet. Erm\u00f6glicht wird dies durch die Unterst\u00fctzung des Landessportbundes, des Bonner Spendenparlaments und der Bonneproppen.<\/p>\n<p>Ein besonderes \u201eGoodie\u201c stellt dabei die kostenfreie Nutzung der Tennispl\u00e4tze dar: Dienstags und donnerstags werden entsprechende Trainingszeiten speziell f\u00fcr ukrainische Gefl\u00fcchtete zur Verf\u00fcgung gestellt \u2013 ein wichtiges Zeichen der Unterst\u00fctzung und Integration.<br \/>\nEine zentrale Rolle spielt Yana Yaroshenko. Die talentierte Tennisspielerin floh im M\u00e4rz 2022 aus Kiew nach Deutschland und fand in Bonn nicht nur ein neues Zuhause, sondern auch schnell Anschluss im Verein. Trotz der belastenden Erfahrungen setzt sie ihre sportliche Entwicklung konsequent fort \u2013 mit gro\u00dfem Erfolg bei regionalen Turnieren.<\/p>\n<p>Neben ihrem eigenen Training engagiert sich Yana inzwischen selbst als Trainerin und gibt ihre Erfahrung an j\u00fcngere ukrainische Spielerinnen und Spieler weiter. Tennis ist f\u00fcr sie weit mehr als nur ein Sport: Es ist Ablenkung, Halt und Perspektive in einer schwierigen Zeit.<br \/>\nDer BTHV zeigt mit seinem Engagement eindrucksvoll, wie Sport Integration f\u00f6rdern und jungen Menschen neue Hoffnung geben kann.<\/p>\n<p><a href=\"https:\/\/www.bthv.de\/blog\/wp-content\/uploads\/2026\/03\/80A128ED-6E80-4C86-B048-C0CFE923A1A7-1.jpeg\" rel=\"lightbox[81430]\"><img loading=\"lazy\" decoding=\"async\" class=\"alignnone size-medium wp-image-81457\" src=\"https:\/\/www.bthv.de\/blog\/wp-content\/uploads\/2026\/03\/80A128ED-6E80-4C86-B048-C0CFE923A1A7-1-225x300.jpeg\" alt=\"\" width=\"225\" height=\"300\" srcset=\"https:\/\/www.bthv.de\/blog\/wp-content\/uploads\/2026\/03\/80A128ED-6E80-4C86-B048-C0CFE923A1A7-1-225x300.jpeg 225w, https:\/\/www.bthv.de\/blog\/wp-content\/uploads\/2026\/03\/80A128ED-6E80-4C86-B048-C0CFE923A1A7-1-768x1024.jpeg 768w, https:\/\/www.bthv.de\/blog\/wp-content\/uploads\/2026\/03\/80A128ED-6E80-4C86-B048-C0CFE923A1A7-1-1152x1536.jpeg 1152w, https:\/\/www.bthv.de\/blog\/wp-content\/uploads\/2026\/03\/80A128ED-6E80-4C86-B048-C0CFE923A1A7-1.jpeg 1536w\" sizes=\"auto, (max-width: 225px) 100vw, 225px\" \/><\/a><a href=\"https:\/\/www.bthv.de\/blog\/wp-content\/uploads\/2026\/03\/BE2C4E29-2F80-4E63-9ECA-A1650C0A4CCC.jpeg\" rel=\"lightbox[81430]\"><img loading=\"lazy\" decoding=\"async\" class=\"alignnone size-medium wp-image-81441\" src=\"https:\/\/www.bthv.de\/blog\/wp-content\/uploads\/2026\/03\/BE2C4E29-2F80-4E63-9ECA-A1650C0A4CCC-225x300.jpeg\" alt=\"\" width=\"225\" height=\"300\" srcset=\"https:\/\/www.bthv.de\/blog\/wp-content\/uploads\/2026\/03\/BE2C4E29-2F80-4E63-9ECA-A1650C0A4CCC-225x300.jpeg 225w, https:\/\/www.bthv.de\/blog\/wp-content\/uploads\/2026\/03\/BE2C4E29-2F80-4E63-9ECA-A1650C0A4CCC-768x1024.jpeg 768w, https:\/\/www.bthv.de\/blog\/wp-content\/uploads\/2026\/03\/BE2C4E29-2F80-4E63-9ECA-A1650C0A4CCC-1152x1536.jpeg 1152w, https:\/\/www.bthv.de\/blog\/wp-content\/uploads\/2026\/03\/BE2C4E29-2F80-4E63-9ECA-A1650C0A4CCC.jpeg 1536w\" sizes=\"auto, (max-width: 225px) 100vw, 225px\" \/><\/a><a href=\"https:\/\/www.bthv.de\/blog\/wp-content\/uploads\/2026\/03\/C9F2FB4A-468B-4A32-A451-D38758E0EEB8.jpeg\" rel=\"lightbox[81430]\"><img loading=\"lazy\" decoding=\"async\" class=\"alignnone size-medium wp-image-81439\" src=\"https:\/\/www.bthv.de\/blog\/wp-content\/uploads\/2026\/03\/C9F2FB4A-468B-4A32-A451-D38758E0EEB8-225x300.jpeg\" alt=\"\" width=\"225\" height=\"300\" srcset=\"https:\/\/www.bthv.de\/blog\/wp-content\/uploads\/2026\/03\/C9F2FB4A-468B-4A32-A451-D38758E0EEB8-225x300.jpeg 225w, https:\/\/www.bthv.de\/blog\/wp-content\/uploads\/2026\/03\/C9F2FB4A-468B-4A32-A451-D38758E0EEB8-768x1024.jpeg 768w, https:\/\/www.bthv.de\/blog\/wp-content\/uploads\/2026\/03\/C9F2FB4A-468B-4A32-A451-D38758E0EEB8-1152x1536.jpeg 1152w, https:\/\/www.bthv.de\/blog\/wp-content\/uploads\/2026\/03\/C9F2FB4A-468B-4A32-A451-D38758E0EEB8.jpeg 1536w\" sizes=\"auto, (max-width: 225px) 100vw, 225px\" \/><\/a><\/p>\n","protected":false},"excerpt":{"rendered":"<p>Engagement f\u00fcr ukrainische Jugendliche beim BTHV Im April 2022, kurz nach Beginn des Krieges in der Ukraine, organisierte der Bonner Tennis- und Hockeyverein (BTHV) gemeinsam mit engagierten Unterst\u00fctzern \u2013 darunter die inzwischen verstorbene Apothekerin Anja Istel \u2013 einen Hilfstransport in &hellip; <a href=\"https:\/\/www.bthv.de\/blog\/engagement\">Weiterlesen <span class=\"meta-nav\">&rarr;<\/span><\/a><\/p>\n","protected":false},"author":49,"featured_media":0,"parent":0,"menu_order":0,"comment_status":"closed","ping_status":"closed","template":"","meta":{"ngg_post_thumbnail":0,"footnotes":""},"class_list":["post-81430","page","type-page","status-publish","hentry"],"_links":{"self":[{"href":"https:\/\/www.bthv.de\/blog\/wp-json\/wp\/v2\/pages\/81430","targetHints":{"allow":["GET"]}}],"collection":[{"href":"https:\/\/www.bthv.de\/blog\/wp-json\/wp\/v2\/pages"}],"about":[{"href":"https:\/\/www.bthv.de\/blog\/wp-json\/wp\/v2\/types\/page"}],"author":[{"embeddable":true,"href":"https:\/\/www.bthv.de\/blog\/wp-json\/wp\/v2\/users\/49"}],"replies":[{"embeddable":true,"href":"https:\/\/www.bthv.de\/blog\/wp-json\/wp\/v2\/comments?post=81430"}],"version-history":[{"count":5,"href":"https:\/\/www.bthv.de\/blog\/wp-json\/wp\/v2\/pages\/81430\/revisions"}],"predecessor-version":[{"id":81470,"href":"https:\/\/www.bthv.de\/blog\/wp-json\/wp\/v2\/pages\/81430\/revisions\/81470"}],"wp:attachment":[{"href":"https:\/\/www.bthv.de\/blog\/wp-json\/wp\/v2\/media?parent=81430"}],"curies":[{"name":"wp","href":"https:\/\/api.w.org\/{rel}","templated":true}]}}