{"id":77458,"date":"2025-02-26T16:22:24","date_gmt":"2025-02-26T15:22:24","guid":{"rendered":"https:\/\/www.bthv.de\/blog\/?page_id=77458"},"modified":"2025-04-15T04:40:33","modified_gmt":"2025-04-15T02:40:33","slug":"praevention-timeline","status":"publish","type":"page","link":"https:\/\/www.bthv.de\/blog\/praevention\/praevention-timeline","title":{"rendered":"Pr\u00e4vention &#8211; Timeline"},"content":{"rendered":"<ul>\n<li><b>10 April 2025<\/b><br \/>\nFortsetzung unserer gemeinsamen Analyse<span style=\"font-family: 'Arial',sans-serif;\">Gestern haben wir uns erneut mit Beobachtungen aus dem Vereinsalltag besch\u00e4ftigt und daraus erste Hypothesen abgeleitet.<br \/>\nUnser Ziel:&nbsp;Muster besser erkennen&nbsp;und den Blick f\u00fcr Strukturen, Kommunikation und Verantwortlichkeiten im Vereinsleben sch\u00e4rfen.<\/span><span style=\"font-family: 'Arial',sans-serif;\">Dabei wurde deutlich:<br \/>\nOffenheit und Transparenz&nbsp;sind zentrale Bausteine f\u00fcr Vertrauen, Sicherheit und ein faires Miteinander \u2013 und damit auch ein wesentlicher Teil eines wirkungsvollen Schutzkonzepts.<\/span><span style=\"font-family: 'Arial',sans-serif;\">Es geht darum,&nbsp;bewusster hinzusehen, das Bestehende besser zu verstehen \u2013 und gemeinsam weiterzuentwickeln, was uns wichtig ist.<\/span><span style=\"font-family: 'Arial',sans-serif;\">Weiter geht\u2019s am Montag, den 28. April 2025 um 18 Uhr.<br \/>\nEin herzliches Dankesch\u00f6n an alle, die diesen Prozess mit Offenheit, Zeit und Engagement unterst\u00fctzen!<\/span><\/li>\n<li><b>28 M\u00e4rz 2025<br \/>\n<\/b><b>Pr\u00e4ventionsteam: R\u00fcckblick \u2013 Zweiter Teil der Risikoanalyse im BTHV<br \/>\n<\/b><br \/>\nGestern fand der zweite Teil der vereinsinternen Risikoanalyse statt. Neben dem Pr\u00e4ventionsteam nahmen auch aktive Spieler des BTHVs, Gesch\u00e4ftsf\u00fchrung und Mitglieder des Vorstands teil. Ziel der Analyse war es, einen vertieften Blick auf unsere Strukturen und Denkweisen zu werfen \u2013 also&nbsp;<em>mehr zu sehen als vorher<\/em>.Im Fokus standen unsere&nbsp;<strong>mentalen Modelle<\/strong>:<br \/>\nWas ist typisch f\u00fcr unseren Verein? Wie werden Entscheidungen getroffen? Wann tritt man bei uns in ein Fettn\u00e4pfchen?Dabei ging es um das, was oft unausgesprochen bleibt \u2013 die <em>ungeschriebenen Gesetze<\/em>, die unser Vereinsleben pr\u00e4gen.Anschlie\u00dfend tauchten wir in die <strong>Kulturarbeit<\/strong>&nbsp;ein: In einer anregenden Gruppendiskussion wurden zentrale Muster und Wahrnehmungen sichtbar gemacht.Begleitet wurde der Abend von einer geschulten Beraterin des Landessportbundes NRW.<\/p>\n<p>Die Reihe wird fortgesetzt:<br \/>\n<strong>N\u00e4chster Termin:<\/strong> 8. April um 19:00 Uhr<br \/>\n<strong>Thema:<\/strong> Vereinsanalyse mit Blick auf unsere Sportpraxis<br \/>\nWir danken allen Teilnehmenden f\u00fcr die&nbsp;<strong>offene, kritische und konstruktive Beteiligung<\/strong>.<\/p>\n<p>Denn nur, wenn wir ehrlich hinschauen, Herausforderungen benennen und in den Dialog gehen, k\u00f6nnen daraus tragf\u00e4hige Entscheidungen f\u00fcr die Zukunft des Vereins entstehen.<\/li>\n<\/ul>\n<ul>\n<li><b>14 Februar 2025<\/b><br \/>\nUnter der Leitung von Lisa Steffny, Beraterin zum Thema Pr\u00e4sention beim Landessportbund (LSB), haben sich Mitglieder des Pr\u00e4ventionsteams und des Vereinsvorstands getroffen, um einen ersten Schritt der Risikoanalyse zu gehen. Um sie zu finassieren, werden weitere Arbeitstreffen notwendig sein.Um eine notwendige \u00c4nderung unserer Vereinssatzung als Antrag auf der kommenden Mitgliederversammlung am 18. M\u00e4rz zur Abstimmung zu stellen, hat das Team dem Vorstand den folgenden Text vorgeschlagen:\u201eDer Verein positioniert sich entschieden gegen jede Form von interpersoneller Gewalt, unabh\u00e4ngig davon, ob sie k\u00f6rperlicher, seelischer, oder sexualisierter Art ist.\u201cDiese Formulierung verdeutlicht die Haltung und das Engagements des Vereins f\u00fcr ein sicheres Miteinander.Der Vorstand hat diese Formulierung angenommen. Sie h\u00e4ngt zur Zeit am schwarzen Brett im BTHV-Eingangsbereich aus.<\/li>\n<\/ul>\n<ul>\n<li><b>6 Februar 2025<\/b><br \/>\nGestern Abend hat sich das Pr\u00e4ventionsteam getroffen, um die anstehende Risikoanalyse vorzubereiten. Oliver Wittershagen (Hockey-Jugendteam) wird Mitglied des Pr\u00e4ventionsteams.<\/li>\n<\/ul>\n<p>&nbsp;<\/p>\n","protected":false},"excerpt":{"rendered":"<p>10 April 2025 Fortsetzung unserer gemeinsamen AnalyseGestern haben wir uns erneut mit Beobachtungen aus dem Vereinsalltag besch\u00e4ftigt und daraus erste Hypothesen abgeleitet. Unser Ziel:&nbsp;Muster besser erkennen&nbsp;und den Blick f\u00fcr Strukturen, Kommunikation und Verantwortlichkeiten im Vereinsleben sch\u00e4rfen.Dabei wurde deutlich: Offenheit und &hellip; <a href=\"https:\/\/www.bthv.de\/blog\/praevention\/praevention-timeline\">Weiterlesen <span class=\"meta-nav\">&rarr;<\/span><\/a><\/p>\n","protected":false},"author":27,"featured_media":0,"parent":73072,"menu_order":0,"comment_status":"closed","ping_status":"closed","template":"","meta":{"ngg_post_thumbnail":0,"footnotes":""},"class_list":["post-77458","page","type-page","status-publish","hentry"],"_links":{"self":[{"href":"https:\/\/www.bthv.de\/blog\/wp-json\/wp\/v2\/pages\/77458","targetHints":{"allow":["GET"]}}],"collection":[{"href":"https:\/\/www.bthv.de\/blog\/wp-json\/wp\/v2\/pages"}],"about":[{"href":"https:\/\/www.bthv.de\/blog\/wp-json\/wp\/v2\/types\/page"}],"author":[{"embeddable":true,"href":"https:\/\/www.bthv.de\/blog\/wp-json\/wp\/v2\/users\/27"}],"replies":[{"embeddable":true,"href":"https:\/\/www.bthv.de\/blog\/wp-json\/wp\/v2\/comments?post=77458"}],"version-history":[{"count":11,"href":"https:\/\/www.bthv.de\/blog\/wp-json\/wp\/v2\/pages\/77458\/revisions"}],"predecessor-version":[{"id":77809,"href":"https:\/\/www.bthv.de\/blog\/wp-json\/wp\/v2\/pages\/77458\/revisions\/77809"}],"up":[{"embeddable":true,"href":"https:\/\/www.bthv.de\/blog\/wp-json\/wp\/v2\/pages\/73072"}],"wp:attachment":[{"href":"https:\/\/www.bthv.de\/blog\/wp-json\/wp\/v2\/media?parent=77458"}],"curies":[{"name":"wp","href":"https:\/\/api.w.org\/{rel}","templated":true}]}}