{"id":7559,"date":"2013-02-05T17:52:45","date_gmt":"2013-02-05T16:52:45","guid":{"rendered":"http:\/\/www.bthv.de\/blog\/?page_id=7559"},"modified":"2026-02-24T18:29:49","modified_gmt":"2026-02-24T17:29:49","slug":"hockey-feriencamps","status":"publish","type":"page","link":"https:\/\/www.bthv.de\/blog\/hockey-feriencamps","title":{"rendered":"Hockey-Feriencamps"},"content":{"rendered":"<div id=\"pl-7559\"  class=\"panel-layout\" >\n<div id=\"pg-7559-0\"  class=\"panel-grid panel-no-style\" >\n<div id=\"pgc-7559-0-0\"  class=\"panel-grid-cell\" >\n<div id=\"panel-7559-0-0-0\" class=\"so-panel widget widget_sow-editor panel-first-child panel-last-child\" data-index=\"0\" >\n<div\n\t\t\t\n\t\t\tclass=\"so-widget-sow-editor so-widget-sow-editor-base\"\n\t\t\t\n\t\t><\/p>\n<div class=\"siteorigin-widget-tinymce textwidget\">\n<p>Der BTHV bietet in den Schulferien Hockey-Camps f\u00fcr verschiedene Altersstufen an. Die BTHV-Trainer und Co-Trainer f\u00f6rdern die Kinder individuell nach Alter und jeweiligem Leistungsstand in entsprechenden Gruppen. Schwerpunkte sind Verbesserung stocktechnischer Fertigkeiten, Koordination, Motorik &amp; nat\u00fcrlich Spa\u00df.<\/p>\n<p>F\u00fcr die Camps in 2026 gilt:<\/p>\n<p>u08: Jahrg\u00e4nge <strong>2018<\/strong>&nbsp;und <strong>2019<\/strong><br \/>\nu10: Jahrg\u00e4nge <strong>2016<\/strong>&nbsp;und <strong>2017<\/strong><br \/>\nu12: Jahrg\u00e4nge <strong>2014<\/strong>&nbsp;und <strong>2015<\/strong><\/p>\n<\/div>\n<\/div>\n<\/div>\n<\/div>\n<div id=\"pgc-7559-0-1\"  class=\"panel-grid-cell\" >\n<div id=\"panel-7559-0-1-0\" class=\"so-panel widget widget_sow-image panel-first-child panel-last-child\" data-index=\"1\" >\n<div\n\t\t\t\n\t\t\tclass=\"so-widget-sow-image so-widget-sow-image-default-8b5b6f678277-7559\"\n\t\t\t\n\t\t><\/p>\n<div class=\"sow-image-container\">\n\t\t\t<a href=\"https:\/\/www.bthv.de\/blog\/wp-content\/uploads\/2013\/02\/BTHVSommerCamp08.jpg\"\n\t\t\t\t\t rel=\"lightbox[7559]\"><br \/>\n\t\t\t<img \n\tsrc=\"https:\/\/www.bthv.de\/blog\/wp-content\/uploads\/2013\/02\/BTHVSommerCamp08-300x225.jpg\" width=\"300\" height=\"225\" srcset=\"https:\/\/www.bthv.de\/blog\/wp-content\/uploads\/2013\/02\/BTHVSommerCamp08-300x225.jpg 300w, https:\/\/www.bthv.de\/blog\/wp-content\/uploads\/2013\/02\/BTHVSommerCamp08-768x576.jpg 768w, https:\/\/www.bthv.de\/blog\/wp-content\/uploads\/2013\/02\/BTHVSommerCamp08-1024x768.jpg 1024w, https:\/\/www.bthv.de\/blog\/wp-content\/uploads\/2013\/02\/BTHVSommerCamp08-400x300.jpg 400w, https:\/\/www.bthv.de\/blog\/wp-content\/uploads\/2013\/02\/BTHVSommerCamp08.jpg 1600w\" sizes=\"(max-width: 300px) 100vw, 300px\" title=\"BTHV SommerCamp\" alt=\"\" \t\tclass=\"so-widget-image\"\/><br \/>\n\t\t\t<\/a><\/div>\n<\/div>\n<\/div>\n<\/div>\n<\/div>\n<div id=\"pg-7559-1\"  class=\"panel-grid panel-no-style\" >\n<div id=\"pgc-7559-1-0\"  class=\"panel-grid-cell\" >\n<div id=\"panel-7559-1-0-0\" class=\"so-panel widget widget_sow-editor panel-first-child panel-last-child\" data-index=\"2\" >\n<div\n\t\t\t\n\t\t\tclass=\"so-widget-sow-editor so-widget-sow-editor-base\"\n\t\t\t\n\t\t><\/p>\n<div class=\"siteorigin-widget-tinymce textwidget\">\n<h1>\u00dcbersicht der Hockey-Feriencamps 2026<\/h1>\n<p>Um die Vielzahl der Camps f\u00fcr die eigenen Bed\u00fcrfnisse zu betrachten, empfehlen wir die Verwendung von Filtern.<\/p>\n<p><iframe loading=\"lazy\" id=\"67a39c329d37de18791d148a\" class=\"yolawo-widget\" src=\"https:\/\/widgets.yolawo.de\/w\/67a39c329d37de18791d148a\" width=\"100%\" height=\"150\" frameborder=\"0\" scrolling=\"no\" data-offset-x=\"50\"><\/iframe><script type=\"text\/javascript\" src=\"https:\/\/widgets.yolawo.de\/assets\/script.js\"><\/script><\/p>\n<\/div>\n<\/div>\n<\/div>\n<\/div>\n<\/div>\n<div id=\"pg-7559-2\"  class=\"panel-grid panel-no-style\" >\n<div id=\"pgc-7559-2-0\"  class=\"panel-grid-cell\" >\n<div id=\"panel-7559-2-0-0\" class=\"so-panel widget widget_sow-image panel-first-child panel-last-child\" data-index=\"3\" >\n<div\n\t\t\t\n\t\t\tclass=\"so-widget-sow-image so-widget-sow-image-default-8b5b6f678277-7559\"\n\t\t\t\n\t\t><\/p>\n<div class=\"sow-image-container\">\n\t\t\t<a href=\"https:\/\/www.bthv.de\/blog\/wp-content\/uploads\/2013\/02\/SommerCamp2017.jpg\"\n\t\t\t\t\t rel=\"lightbox[7559]\"><br \/>\n\t\t\t<img \n\tsrc=\"https:\/\/www.bthv.de\/blog\/wp-content\/uploads\/2013\/02\/SommerCamp2017.jpg\" width=\"1920\" height=\"1280\" srcset=\"https:\/\/www.bthv.de\/blog\/wp-content\/uploads\/2013\/02\/SommerCamp2017.jpg 1920w, https:\/\/www.bthv.de\/blog\/wp-content\/uploads\/2013\/02\/SommerCamp2017-300x200.jpg 300w, https:\/\/www.bthv.de\/blog\/wp-content\/uploads\/2013\/02\/SommerCamp2017-768x512.jpg 768w, https:\/\/www.bthv.de\/blog\/wp-content\/uploads\/2013\/02\/SommerCamp2017-1024x683.jpg 1024w, https:\/\/www.bthv.de\/blog\/wp-content\/uploads\/2013\/02\/SommerCamp2017-450x300.jpg 450w, https:\/\/www.bthv.de\/blog\/wp-content\/uploads\/2013\/02\/SommerCamp2017-272x182.jpg 272w\" sizes=\"(max-width: 1920px) 100vw, 1920px\" title=\"BTHV Hockey Sommer Camp 2017\" alt=\"\" \t\tclass=\"so-widget-image\"\/><br \/>\n\t\t\t<\/a><\/div>\n<\/div>\n<\/div>\n<\/div>\n<\/div>\n<\/div>\n","protected":false},"excerpt":{"rendered":"<p>Der BTHV bietet in den Schulferien Hockey-Camps f\u00fcr verschiedene Altersstufen an. Die BTHV-Trainer und Co-Trainer f\u00f6rdern die Kinder individuell nach Alter und jeweiligem Leistungsstand in entsprechenden Gruppen. Schwerpunkte sind Verbesserung stocktechnischer Fertigkeiten, Koordination, Motorik &amp; nat\u00fcrlich Spa\u00df. F\u00fcr die Camps &hellip; <a href=\"https:\/\/www.bthv.de\/blog\/hockey-feriencamps\">Weiterlesen <span class=\"meta-nav\">&rarr;<\/span><\/a><\/p>\n","protected":false},"author":3,"featured_media":0,"parent":0,"menu_order":0,"comment_status":"closed","ping_status":"closed","template":"","meta":{"ngg_post_thumbnail":0,"footnotes":""},"class_list":["post-7559","page","type-page","status-publish","hentry"],"_links":{"self":[{"href":"https:\/\/www.bthv.de\/blog\/wp-json\/wp\/v2\/pages\/7559","targetHints":{"allow":["GET"]}}],"collection":[{"href":"https:\/\/www.bthv.de\/blog\/wp-json\/wp\/v2\/pages"}],"about":[{"href":"https:\/\/www.bthv.de\/blog\/wp-json\/wp\/v2\/types\/page"}],"author":[{"embeddable":true,"href":"https:\/\/www.bthv.de\/blog\/wp-json\/wp\/v2\/users\/3"}],"replies":[{"embeddable":true,"href":"https:\/\/www.bthv.de\/blog\/wp-json\/wp\/v2\/comments?post=7559"}],"version-history":[{"count":85,"href":"https:\/\/www.bthv.de\/blog\/wp-json\/wp\/v2\/pages\/7559\/revisions"}],"predecessor-version":[{"id":81564,"href":"https:\/\/www.bthv.de\/blog\/wp-json\/wp\/v2\/pages\/7559\/revisions\/81564"}],"wp:attachment":[{"href":"https:\/\/www.bthv.de\/blog\/wp-json\/wp\/v2\/media?parent=7559"}],"curies":[{"name":"wp","href":"https:\/\/api.w.org\/{rel}","templated":true}]}}