{"id":73072,"date":"2024-04-22T09:59:31","date_gmt":"2024-04-22T07:59:31","guid":{"rendered":"https:\/\/www.bthv.de\/blog\/?page_id=73072"},"modified":"2024-04-22T09:59:31","modified_gmt":"2024-04-22T07:59:31","slug":"praevention","status":"publish","type":"page","link":"https:\/\/www.bthv.de\/blog\/praevention","title":{"rendered":"Pr\u00e4vention"},"content":{"rendered":"<p>Gemeinsam stark gegen (sexualisierte) Gewalt Im Sport!<\/p>\n<p>Schon seit vielen Jahren ist es unserem Verein, dem Bonner THV e.V., ein Anliegen, unsere Mitglieder zu sch\u00fctzen vor interpersonaler und sexualisierter Gewalt in unserem Verein. \u201eVorsorgen \u2013 erkennen \u2013 handeln\u201c sind dabei unsere Pr\u00e4missen.<\/p>\n<p>Wir handeln bisher dabei gem\u00e4\u00df der Vereinbarung zum Beispiel des WHV mit dem Landesverband Rheinland und Leitlinien des TVM, und st\u00fctzen uns auf den Handlungsleitfaden f\u00fcr Vereine, der vom WHV zur Verf\u00fcgung gestellt wird.<\/p>\n<p>Vor einigen Monaten haben wir als Verein beschlosse, dieses Thema noch mehr in den Fokus zu r\u00fccken. Zunehmend gibt es auch gesetzliche Vorgaben und Vorgaben, die von den Verb\u00e4nden aufgestellt wurden, um ihre Mitglieder bestm\u00f6glich zu sch\u00fctzen. Diese gilt es f\u00fcr uns als gro\u00dfen Verein auch selbstverst\u00e4ndlich einzuhalten und umzusetzen. Und sowohl aus dem Tennis- also auch aus dem Hockeybereich und aus den Reihen der MitarbeiterInnen waren schnell Freiwillige gefunden, die seitdem als Team das Projekt \u201ePr\u00e4vention\u201c umsetzen.<\/p>\n<p>In einem eigenen Bereich auf der HP k\u00f6nnen die Mitglieder das Team kennenlernen. Ihr findet dortauch direkte Kontaktdaten zu zB Anna, 1.Damenspielerin aus dem Hockeybereich, und Fynn, Tennis-Jugendtrainer, die sich als direkte AnsprechpartnerInnen f\u00fcr unsere Kinder und Jugendlichen zu diesem Thema sofort gemeldet haben. Aktuell wird der Bereich auf der Homepage gerade aufgebaut und dann st\u00e4ndig aktualisiert, da das Projekt zum einen seine Facetten auch planm\u00e4\u00dfig zunehmend erweitert, und die Mitglieder \u00fcber den Fortlauf der gestellten Aufgaben transparent informiert werden sollen.<\/p>\n<p>Schon im vergangenen Herbst schlossen wir uns zB dem Projekt \u201eOrange Bank als Zeichen gegen Gewalt an Frauen\u201c an, das weltweit durchgef\u00fchrt wird und in Bonn vom Zonta-Club an uns herangetragen wurde. Wir haben im November 2023 eine orange Bank im Club aufgestellt, auf der sich Hilfenummern bei Gewalt gegen Kinder und Frauen befinden. Der Erl\u00f6s aus dem Kauf der Bank von Zonta ging zu 100% an das M\u00e4dchenhaus Bonn. Unsere 1.Hockeyherren sind die Paten f\u00fcr dieses Projekt gegen Gewalt an Frauen und Kindern, und haben in der Hallensaison durch den Verkauf auch von Beethoventalern aus Marzipan dieses Projekt weiter zu Gunsten des M\u00e4dchenhauses Bonn unterst\u00fctzt.<\/p>\n<p>Aktuell bereiten wir auch die Aufnahme des Bonner THV e.V. im Qualit\u00e4tsb\u00fcndnis zum Schutz vor sexualisierter Gewalt im Land NRW vor. Wir arbeiten hier eng mit dem SSB zusammen.<\/p>\n<p>F\u00fcr die Aufnahme in dieses Qualit\u00e4tsb\u00fcndnis muss ein 10-Punkte \u2013 Rahmenplan durchlaufen werden, zB auch mit einer Risikoanalyse in unserem Club.<\/p>\n<p>Das Team geht diese 10 Punkte nun nach und nach durch. Parallel erarbeiten wir dar\u00fcber hinaus weitere Punkte, da wir den Fokus eben nicht nur auf dem Thema \u201ePr\u00e4vention vor sexualisierter Gewalt im Sport\u201c haben, sondern grunds\u00e4tzlich alle Menschen, die Teil unserers Clubs sind, langfristig oder auch nur tempor\u00e4r als G\u00e4ste von au\u00dferhalb, vor jeder Form von Gewalt sch\u00fctzen wollen. Daf\u00fcr gilt es alle zu sensibilisieren, zu schulen und nicht nur f\u00fcr ein Gef\u00fchl der Sicherheit in unserem Club zu sorgen, sondern hier einen safe space zu schaffen, so gut es es nur irgendwie geht!<\/p>\n<p>Melanie Moskob berichtete schon auf der Mitgliederversammlung \u00fcber die Aufgaben und das Vorgehen des Teams. Im Protokoll zur MV kann dies nachgelesen werden.<\/p>\n<p>Das Team trifft sich regelm\u00e4\u00dfig mindestens alle 4 Wochen. Interessierte k\u00f6nnen gerne dazusto\u00dfen. Die Termine der Treffen findet ihr auf der Homepage im Kalender.<\/p>\n<p>Auch \u00fcber Anregungen, W\u00fcnsche, Kritik freut sich das Team. Schickt dies gerne an: <a href=\"mailto:praevention@bthv.de\">praevention@bthv.de<\/a><\/p>\n","protected":false},"excerpt":{"rendered":"<p>Gemeinsam stark gegen (sexualisierte) Gewalt Im Sport! Schon seit vielen Jahren ist es unserem Verein, dem Bonner THV e.V., ein Anliegen, unsere Mitglieder zu sch\u00fctzen vor interpersonaler und sexualisierter Gewalt in unserem Verein. \u201eVorsorgen \u2013 erkennen \u2013 handeln\u201c sind dabei &hellip; <a href=\"https:\/\/www.bthv.de\/blog\/praevention\">Weiterlesen <span class=\"meta-nav\">&rarr;<\/span><\/a><\/p>\n","protected":false},"author":27,"featured_media":0,"parent":0,"menu_order":0,"comment_status":"closed","ping_status":"closed","template":"","meta":{"ngg_post_thumbnail":0,"footnotes":""},"class_list":["post-73072","page","type-page","status-publish","hentry"],"_links":{"self":[{"href":"https:\/\/www.bthv.de\/blog\/wp-json\/wp\/v2\/pages\/73072","targetHints":{"allow":["GET"]}}],"collection":[{"href":"https:\/\/www.bthv.de\/blog\/wp-json\/wp\/v2\/pages"}],"about":[{"href":"https:\/\/www.bthv.de\/blog\/wp-json\/wp\/v2\/types\/page"}],"author":[{"embeddable":true,"href":"https:\/\/www.bthv.de\/blog\/wp-json\/wp\/v2\/users\/27"}],"replies":[{"embeddable":true,"href":"https:\/\/www.bthv.de\/blog\/wp-json\/wp\/v2\/comments?post=73072"}],"version-history":[{"count":1,"href":"https:\/\/www.bthv.de\/blog\/wp-json\/wp\/v2\/pages\/73072\/revisions"}],"predecessor-version":[{"id":73073,"href":"https:\/\/www.bthv.de\/blog\/wp-json\/wp\/v2\/pages\/73072\/revisions\/73073"}],"wp:attachment":[{"href":"https:\/\/www.bthv.de\/blog\/wp-json\/wp\/v2\/media?parent=73072"}],"curies":[{"name":"wp","href":"https:\/\/api.w.org\/{rel}","templated":true}]}}