{"id":596,"date":"2011-11-20T20:28:49","date_gmt":"2011-11-20T20:28:49","guid":{"rendered":"http:\/\/www.bthv.de\/blog\/?page_id=596"},"modified":"2019-04-01T11:24:42","modified_gmt":"2019-04-01T09:24:42","slug":"geschaeftsstelle","status":"publish","type":"page","link":"https:\/\/www.bthv.de\/blog\/geschaeftsstelle","title":{"rendered":"Gesch\u00e4ftsstelle"},"content":{"rendered":"<p>Die Gesch\u00e4ftsstelle des BTHV befindet sich auf der R\u00fcckseite des Clubhauses mit Blick auf Tennisplatz 1. Hier bekommen Sie Auskunft \u00fcber Trainings- und Turnierpl\u00e4ne, Trainer, Verwaltung, Termine, Passbeantragung, Platzbuchung etc.<\/p>\n<p>Gesch\u00e4ftsf\u00fchrer: <a title=\"Kay Milner\" href=\"https:\/\/www.bthv.de\/blog\/kay-milner\">Kay Milner<\/a><\/p>\n<p>Telefon: 0228\/23 85 29 oder 0228\/23 83 60<br \/>\nFax:&nbsp;0228\/23 28 04<br \/>\nE-Mail: <a href=\"mailto:info@bthv.de\">info@bthv.de<\/a><br \/>\nMobil: 0160\/96232062<\/p>\n<h2>\u00d6ffnungszeiten der Gesch\u00e4ftsstelle:<\/h2>\n<p>Mo., Do., Fr. 09.00-11.00 und 14.00-18.00 Uhr; Di. u. Mi. 10-13 Uhr und 14-18 Uhr<\/p>\n<h2>Mitarbeiterinnen:<\/h2>\n<ul>\n<li>Kirsten Machts<\/li>\n<li>&nbsp;<\/li>\n<\/ul>\n","protected":false},"excerpt":{"rendered":"<p>Die Gesch\u00e4ftsstelle des BTHV befindet sich auf der R\u00fcckseite des Clubhauses mit Blick auf Tennisplatz 1. Hier bekommen Sie Auskunft \u00fcber Trainings- und Turnierpl\u00e4ne, Trainer, Verwaltung, Termine, Passbeantragung, Platzbuchung etc. Gesch\u00e4ftsf\u00fchrer: Kay Milner Telefon: 0228\/23 85 29 oder 0228\/23 83 &hellip; <a href=\"https:\/\/www.bthv.de\/blog\/geschaeftsstelle\">Weiterlesen <span class=\"meta-nav\">&rarr;<\/span><\/a><\/p>\n","protected":false},"author":4,"featured_media":0,"parent":0,"menu_order":0,"comment_status":"closed","ping_status":"closed","template":"sidebar-page.php","meta":{"ngg_post_thumbnail":0,"footnotes":""},"class_list":["post-596","page","type-page","status-publish","hentry"],"_links":{"self":[{"href":"https:\/\/www.bthv.de\/blog\/wp-json\/wp\/v2\/pages\/596","targetHints":{"allow":["GET"]}}],"collection":[{"href":"https:\/\/www.bthv.de\/blog\/wp-json\/wp\/v2\/pages"}],"about":[{"href":"https:\/\/www.bthv.de\/blog\/wp-json\/wp\/v2\/types\/page"}],"author":[{"embeddable":true,"href":"https:\/\/www.bthv.de\/blog\/wp-json\/wp\/v2\/users\/4"}],"replies":[{"embeddable":true,"href":"https:\/\/www.bthv.de\/blog\/wp-json\/wp\/v2\/comments?post=596"}],"version-history":[{"count":2,"href":"https:\/\/www.bthv.de\/blog\/wp-json\/wp\/v2\/pages\/596\/revisions"}],"predecessor-version":[{"id":36597,"href":"https:\/\/www.bthv.de\/blog\/wp-json\/wp\/v2\/pages\/596\/revisions\/36597"}],"wp:attachment":[{"href":"https:\/\/www.bthv.de\/blog\/wp-json\/wp\/v2\/media?parent=596"}],"curies":[{"name":"wp","href":"https:\/\/api.w.org\/{rel}","templated":true}]}}