{"id":562,"date":"2011-11-20T19:43:12","date_gmt":"2011-11-20T19:43:12","guid":{"rendered":"http:\/\/www.bthv.de\/blog\/?page_id=562"},"modified":"2021-12-06T10:22:49","modified_gmt":"2021-12-06T09:22:49","slug":"anlage","status":"publish","type":"page","link":"https:\/\/www.bthv.de\/blog\/anlage","title":{"rendered":"Anlage"},"content":{"rendered":"<p style=\"text-align: left;\">Der BTHV verf\u00fcgt \u00fcber eine weitr\u00e4umige Anlage, eingebunden in das Sportzentrum Wasserland. Die Lage ist zentral, aber dennoch im Gr\u00fcnen. Die N\u00e4he zum Regierungsviertel, zur TELEKOM und weiteren gro\u00dfen Dienstleistungsunternehmen, die ihren Sitz in Bonn genommen haben, sind Basis f\u00fcr eine g\u00fcnstige Mitgliederstruktur.<\/p>\n\n\t\t<style type=\"text\/css\">\n\t\t\t#gallery-1 {\n\t\t\t\tmargin: auto;\n\t\t\t}\n\t\t\t#gallery-1 .gallery-item {\n\t\t\t\tfloat: left;\n\t\t\t\tmargin-top: 10px;\n\t\t\t\ttext-align: center;\n\t\t\t\twidth: 25%;\n\t\t\t}\n\t\t\t#gallery-1 img {\n\t\t\t\tborder: 2px solid #cfcfcf;\n\t\t\t}\n\t\t\t#gallery-1 .gallery-caption {\n\t\t\t\tmargin-left: 0;\n\t\t\t}\n\t\t\t\/* see gallery_shortcode() in wp-includes\/media.php *\/\n\t\t<\/style>\n\t\t<div id='gallery-1' class='gallery galleryid-562 gallery-columns-4 gallery-size-thumbnail'><dl class='gallery-item'>\n\t\t\t<dt class='gallery-icon landscape'>\n\t\t\t\t<a href='https:\/\/www.bthv.de\/blog\/wp-content\/uploads\/2011\/11\/BTHV_Anlage_2009_4.jpg' rel=\"lightbox[562]\"><img loading=\"lazy\" decoding=\"async\" width=\"150\" height=\"150\" src=\"https:\/\/www.bthv.de\/blog\/wp-content\/uploads\/2011\/11\/BTHV_Anlage_2009_4-150x150.jpg\" class=\"attachment-thumbnail size-thumbnail\" alt=\"\" \/><\/a>\n\t\t\t<\/dt><\/dl><dl class='gallery-item'>\n\t\t\t<dt class='gallery-icon landscape'>\n\t\t\t\t<a href='https:\/\/www.bthv.de\/blog\/wp-content\/uploads\/2011\/11\/BTHV_Anlage_2009_3.jpg' rel=\"lightbox[562]\"><img loading=\"lazy\" decoding=\"async\" width=\"150\" height=\"150\" src=\"https:\/\/www.bthv.de\/blog\/wp-content\/uploads\/2011\/11\/BTHV_Anlage_2009_3-150x150.jpg\" class=\"attachment-thumbnail size-thumbnail\" alt=\"\" \/><\/a>\n\t\t\t<\/dt><\/dl><dl class='gallery-item'>\n\t\t\t<dt class='gallery-icon landscape'>\n\t\t\t\t<a href='https:\/\/www.bthv.de\/blog\/wp-content\/uploads\/2011\/11\/BTHV_Anlage_2009_2.jpg' rel=\"lightbox[562]\"><img loading=\"lazy\" decoding=\"async\" width=\"150\" height=\"150\" src=\"https:\/\/www.bthv.de\/blog\/wp-content\/uploads\/2011\/11\/BTHV_Anlage_2009_2-150x150.jpg\" class=\"attachment-thumbnail size-thumbnail\" alt=\"\" \/><\/a>\n\t\t\t<\/dt><\/dl>\n\t\t\t<br style='clear: both' \/>\n\t\t<\/div>\n\n<h2>Die Anlage verf\u00fcgt \u00fcber<\/h2>\n<ul>\n<li>15 Au\u00dfenpl\u00e4tze mit roter Asche<\/li>\n<li>4-Feld-Tennishalle Teppich<\/li>\n<li>4-Feld Traglufthalle Asche<\/li>\n<li>Hockey Kunstrasen- und Naturrasenplatz<\/li>\n<li>Hockeyhalle<\/li>\n<li>Kraftraum<\/li>\n<li>Kegelbahn<\/li>\n<li>Clubhaus mit gro\u00dfer Aussenterasse und Tagungsraum<\/li>\n<li>Tennis\u00fcbungswand<\/li>\n<li>Kinderspielplatz<\/li>\n<li>Sportshop<\/li>\n<li>Ausreichend Parkpl\u00e4tze<\/li>\n<\/ul>\n<h2>Sportliches Angebot f\u00fcr Jugendliche<\/h2>\n<ul>\n<li>Training f\u00fcr Jugendliche in allen Altersklassen ab 4 Jahre<\/li>\n<li>Tennisintensivkurse in den Sommerferien<\/li>\n<li>Hockeyintensivkurse in den Sommer- und Herbstferien<\/li>\n<li>Ministadtteilpokal<\/li>\n<li>Internationale Sportbegegnungen (1998 mit Mannschaften aus Argentinien, USA, Holland, England)<\/li>\n<li>Leistungsbezogenes Training mit hauptamtlichen Trainern im Hockey und Tennis<\/li>\n<li>Fahrten zu Turnieren im In- und Ausland<\/li>\n<li>Zeltlager<\/li>\n<\/ul>\n","protected":false},"excerpt":{"rendered":"<p>Der BTHV verf\u00fcgt \u00fcber eine weitr\u00e4umige Anlage, eingebunden in das Sportzentrum Wasserland. Die Lage ist zentral, aber dennoch im Gr\u00fcnen. Die N\u00e4he zum Regierungsviertel, zur TELEKOM und weiteren gro\u00dfen Dienstleistungsunternehmen, die ihren Sitz in Bonn genommen haben, sind Basis f\u00fcr &hellip; <a href=\"https:\/\/www.bthv.de\/blog\/anlage\">Weiterlesen <span class=\"meta-nav\">&rarr;<\/span><\/a><\/p>\n","protected":false},"author":4,"featured_media":0,"parent":0,"menu_order":0,"comment_status":"closed","ping_status":"closed","template":"sidebar-page.php","meta":{"ngg_post_thumbnail":0,"footnotes":""},"class_list":["post-562","page","type-page","status-publish","hentry"],"_links":{"self":[{"href":"https:\/\/www.bthv.de\/blog\/wp-json\/wp\/v2\/pages\/562","targetHints":{"allow":["GET"]}}],"collection":[{"href":"https:\/\/www.bthv.de\/blog\/wp-json\/wp\/v2\/pages"}],"about":[{"href":"https:\/\/www.bthv.de\/blog\/wp-json\/wp\/v2\/types\/page"}],"author":[{"embeddable":true,"href":"https:\/\/www.bthv.de\/blog\/wp-json\/wp\/v2\/users\/4"}],"replies":[{"embeddable":true,"href":"https:\/\/www.bthv.de\/blog\/wp-json\/wp\/v2\/comments?post=562"}],"version-history":[{"count":2,"href":"https:\/\/www.bthv.de\/blog\/wp-json\/wp\/v2\/pages\/562\/revisions"}],"predecessor-version":[{"id":46702,"href":"https:\/\/www.bthv.de\/blog\/wp-json\/wp\/v2\/pages\/562\/revisions\/46702"}],"wp:attachment":[{"href":"https:\/\/www.bthv.de\/blog\/wp-json\/wp\/v2\/media?parent=562"}],"curies":[{"name":"wp","href":"https:\/\/api.w.org\/{rel}","templated":true}]}}