{"id":44,"date":"2011-10-18T00:49:32","date_gmt":"2011-10-18T00:49:32","guid":{"rendered":"http:\/\/www.bthv.de\/wordpress\/?page_id=44"},"modified":"2025-08-27T10:16:00","modified_gmt":"2025-08-27T08:16:00","slug":"hockey","status":"publish","type":"page","link":"https:\/\/www.bthv.de\/blog\/hockey","title":{"rendered":"Hockey"},"content":{"rendered":"<p>Die Hockeyspieler des Bonner THV spielen im Sommer auf einem Kunst- und einem Naturrasenplatz und im Winter in der eigenen Hockeyhalle. Die sch\u00f6ne und weitl\u00e4ufige Anlage zusammen mit unseren hochqualifizierten Trainern machen den BTHV zu einem beliebten Club f\u00fcr ambitionierte Spieler, in dem sie sich wohlf\u00fchlen. In allen Altersklassen, beginnend beim Kindergarten \u00fcber die E-Jugend bis zu den Damen- und Herrenmannschaften, spielen eine oder mehrere <a title=\"Mannschaften\" href=\"https:\/\/www.bthv.de\/blog\/hockey\/mannschaften\">Mannschaften<\/a> auf hohem sportlichen Niveau. Sie nehmen aktiv an der Feld- und Hallensaison teil und spielen in den oberen Leistungsbereichen des Westdeutschen Hockeyverbands (WHV). Insgesamt haben wir sieben Erwachsenenmannschaften und 31 Kinder-\/Jugendmannschaften beim WHV gemeldet. Zus\u00e4tzlich gibt es mehrere Freizeitmannschaften, die regelm\u00e4\u00dfig trainieren und Turniere besuchen und in denen sowohl Hockey-Eltern, ehemalige Hockeyspieler als auch Neulinge aufgenommen werden.<\/p>\n<p>Regelm\u00e4\u00dfig veranstalten wir neben dem regul\u00e4ren Spielbetrieb auch Vorbereitungs- und Freizeitturniere, die gerne von vielen Gastvereinen besucht werden.<\/p>\n<p>Sprechen Sie uns an \u2013 Ansprechpartner finden Sie <a title=\"blocked::https:\/\/www.bthv.de\/blog\/hockey\/ansprechpartner&lt;br \/&gt;&lt;br \/&gt; Ansprechpartner\" href=\"https:\/\/www.bthv.de\/blog\/hockey\/ansprechpartner\">hier<\/a>.<\/p>\n<p>Weitere Informationen zur Mitgliedschaft finden Sie <a title=\"Mitgliedschaft\" href=\"https:\/\/www.bthv.de\/blog\/mitgliedschaft\">hier<\/a>.<\/p>\n","protected":false},"excerpt":{"rendered":"<p>Die Hockeyspieler des Bonner THV spielen im Sommer auf einem Kunst- und einem Naturrasenplatz und im Winter in der eigenen Hockeyhalle. Die sch\u00f6ne und weitl\u00e4ufige Anlage zusammen mit unseren hochqualifizierten Trainern machen den BTHV zu einem beliebten Club f\u00fcr ambitionierte &hellip; <a href=\"https:\/\/www.bthv.de\/blog\/hockey\">Weiterlesen <span class=\"meta-nav\">&rarr;<\/span><\/a><\/p>\n","protected":false},"author":4,"featured_media":0,"parent":0,"menu_order":2,"comment_status":"closed","ping_status":"closed","template":"sidebar-page.php","meta":{"ngg_post_thumbnail":0,"footnotes":""},"class_list":["post-44","page","type-page","status-publish","hentry"],"_links":{"self":[{"href":"https:\/\/www.bthv.de\/blog\/wp-json\/wp\/v2\/pages\/44","targetHints":{"allow":["GET"]}}],"collection":[{"href":"https:\/\/www.bthv.de\/blog\/wp-json\/wp\/v2\/pages"}],"about":[{"href":"https:\/\/www.bthv.de\/blog\/wp-json\/wp\/v2\/types\/page"}],"author":[{"embeddable":true,"href":"https:\/\/www.bthv.de\/blog\/wp-json\/wp\/v2\/users\/4"}],"replies":[{"embeddable":true,"href":"https:\/\/www.bthv.de\/blog\/wp-json\/wp\/v2\/comments?post=44"}],"version-history":[{"count":3,"href":"https:\/\/www.bthv.de\/blog\/wp-json\/wp\/v2\/pages\/44\/revisions"}],"predecessor-version":[{"id":80016,"href":"https:\/\/www.bthv.de\/blog\/wp-json\/wp\/v2\/pages\/44\/revisions\/80016"}],"wp:attachment":[{"href":"https:\/\/www.bthv.de\/blog\/wp-json\/wp\/v2\/media?parent=44"}],"curies":[{"name":"wp","href":"https:\/\/api.w.org\/{rel}","templated":true}]}}