{"id":42363,"date":"2021-03-17T15:16:24","date_gmt":"2021-03-17T14:16:24","guid":{"rendered":"https:\/\/www.bthv.de\/blog\/?page_id=42363"},"modified":"2026-04-13T12:21:31","modified_gmt":"2026-04-13T10:21:31","slug":"interviews","status":"publish","type":"page","link":"https:\/\/www.bthv.de\/blog\/interviews","title":{"rendered":"Interviews"},"content":{"rendered":"<ul>\n<li style=\"list-style-type: none;\">\n<ul>\n<li style=\"list-style-type: none;\">\n<ul>\n<li><a href=\"https:\/\/www.bthv.de\/blog\/club\/vorstellung-interview-mit-dem-neuen-sponsor-ortho-neo\">Vorstellung\/Interview mit dem neuen Sponsor ortho neo<\/a><\/li>\n<li><a href=\"https:\/\/www.bthv.de\/blog\/club\/interview-november-franz-beckmann-neuer-geschaeftsfuehrer-des-bthv\">Interview November: Franz Beckmann, neuer Gesch\u00e4ftsf\u00fchrer des BTHV<\/a><\/li>\n<li><a href=\"https:\/\/www.bthv.de\/blog\/hockey\/interview-august-ross-patterson-neuer-fsjler-aus-suedafrika\">Interview August: Ross Patterson, neuer FSJler aus S\u00fcdafrika<\/a><\/li>\n<li><a href=\"https:\/\/www.bthv.de\/blog\/club\/mai-interview-david-rieger-dualer-student-im-bthv\">Interview Mai: Dualer Student David Rieger<\/a><\/li>\n<li><a href=\"https:\/\/www.bthv.de\/blog\/club\/april-interview-mit-thomas-graner-neuer-vorsitzender-des-bthv\">Interview April: Thomas Graner \u2013 Neuer Vorsitzender des BTHV<\/a><\/li>\n<li><a href=\"https:\/\/www.bthv.de\/blog\/club\/maerz-interview-frank-rosbund-vorsitzender-des-bthv-von-2019-2025\">Interview M\u00e4rz: Frank Rosbund, Vorsitzender des BTHV von 2019-2025<\/a><\/li>\n<\/ul>\n<\/li>\n<\/ul>\n<ul>\n<li style=\"list-style-type: none;\">&nbsp;<\/li>\n<\/ul>\n<\/li>\n<\/ul>\n<p>&nbsp;<\/p>\n","protected":false},"excerpt":{"rendered":"<p>Vorstellung\/Interview mit dem neuen Sponsor ortho neo Interview November: Franz Beckmann, neuer Gesch\u00e4ftsf\u00fchrer des BTHV Interview August: Ross Patterson, neuer FSJler aus S\u00fcdafrika Interview Mai: Dualer Student David Rieger Interview April: Thomas Graner \u2013 Neuer Vorsitzender des BTHV Interview M\u00e4rz: &hellip; <a href=\"https:\/\/www.bthv.de\/blog\/interviews\">Weiterlesen <span class=\"meta-nav\">&rarr;<\/span><\/a><\/p>\n","protected":false},"author":27,"featured_media":0,"parent":0,"menu_order":0,"comment_status":"closed","ping_status":"closed","template":"","meta":{"ngg_post_thumbnail":0,"footnotes":""},"class_list":["post-42363","page","type-page","status-publish","hentry"],"_links":{"self":[{"href":"https:\/\/www.bthv.de\/blog\/wp-json\/wp\/v2\/pages\/42363","targetHints":{"allow":["GET"]}}],"collection":[{"href":"https:\/\/www.bthv.de\/blog\/wp-json\/wp\/v2\/pages"}],"about":[{"href":"https:\/\/www.bthv.de\/blog\/wp-json\/wp\/v2\/types\/page"}],"author":[{"embeddable":true,"href":"https:\/\/www.bthv.de\/blog\/wp-json\/wp\/v2\/users\/27"}],"replies":[{"embeddable":true,"href":"https:\/\/www.bthv.de\/blog\/wp-json\/wp\/v2\/comments?post=42363"}],"version-history":[{"count":25,"href":"https:\/\/www.bthv.de\/blog\/wp-json\/wp\/v2\/pages\/42363\/revisions"}],"predecessor-version":[{"id":81612,"href":"https:\/\/www.bthv.de\/blog\/wp-json\/wp\/v2\/pages\/42363\/revisions\/81612"}],"wp:attachment":[{"href":"https:\/\/www.bthv.de\/blog\/wp-json\/wp\/v2\/media?parent=42363"}],"curies":[{"name":"wp","href":"https:\/\/api.w.org\/{rel}","templated":true}]}}