{"id":41789,"date":"2021-01-16T12:47:08","date_gmt":"2021-01-16T11:47:08","guid":{"rendered":"https:\/\/www.bthv.de\/blog\/?page_id=41789"},"modified":"2026-01-16T11:03:00","modified_gmt":"2026-01-16T10:03:00","slug":"daten-fresh-up","status":"publish","type":"page","link":"https:\/\/www.bthv.de\/blog\/daten-fresh-up","title":{"rendered":"Daten-Fresh-UP 2026"},"content":{"rendered":"\n<div class=\"wpcf7 no-js\" id=\"wpcf7-f41415-o1\" lang=\"de-DE\" dir=\"ltr\" data-wpcf7-id=\"41415\">\n<div class=\"screen-reader-response\"><p role=\"status\" aria-live=\"polite\" aria-atomic=\"true\"><\/p> <ul><\/ul><\/div>\n<form action=\"\/blog\/wp-json\/wp\/v2\/pages\/41789#wpcf7-f41415-o1\" method=\"post\" class=\"wpcf7-form init\" aria-label=\"Kontaktformular\" novalidate=\"novalidate\" data-status=\"init\">\n<fieldset class=\"hidden-fields-container\"><input type=\"hidden\" name=\"_wpcf7\" value=\"41415\" \/><input type=\"hidden\" name=\"_wpcf7_version\" value=\"6.1.5\" \/><input type=\"hidden\" name=\"_wpcf7_locale\" value=\"de_DE\" \/><input type=\"hidden\" name=\"_wpcf7_unit_tag\" value=\"wpcf7-f41415-o1\" \/><input type=\"hidden\" name=\"_wpcf7_container_post\" value=\"0\" \/><input type=\"hidden\" name=\"_wpcf7_posted_data_hash\" value=\"\" \/><input type=\"hidden\" name=\"_wpcf7_recaptcha_response\" value=\"\" \/>\n<\/fieldset>\n<p><label>Die folgenden 4 Felder sind Pflichtfelder, damit wir Sie zuordnen k\u00f6nnen<\/label><br \/>\n<label>Vorname *<br \/>\n<span class=\"wpcf7-form-control-wrap\" data-name=\"vorname\"><input size=\"40\" maxlength=\"400\" class=\"wpcf7-form-control wpcf7-text wpcf7-validates-as-required\" aria-required=\"true\" aria-invalid=\"false\" placeholder=\"Vorname\" value=\"\" type=\"text\" name=\"vorname\" \/><\/span><\/label><br \/>\n<label>Nachname *<br \/>\n<span class=\"wpcf7-form-control-wrap\" data-name=\"nachname\"><input size=\"40\" maxlength=\"400\" class=\"wpcf7-form-control wpcf7-text wpcf7-validates-as-required\" aria-required=\"true\" aria-invalid=\"false\" placeholder=\"Nachname\" value=\"\" type=\"text\" name=\"nachname\" \/><\/span><\/label><br \/>\n<label>Geburtsdatum *<br \/>\n<span class=\"wpcf7-form-control-wrap\" data-name=\"geburtstag\"><input size=\"40\" maxlength=\"400\" class=\"wpcf7-form-control wpcf7-text wpcf7-validates-as-required\" aria-required=\"true\" aria-invalid=\"false\" placeholder=\"01.01.1900\" value=\"\" type=\"text\" name=\"geburtstag\" \/><\/span><\/label><br \/>\n<label> Ihre E-Mail-Adresse *<br \/>\n<span class=\"wpcf7-form-control-wrap\" data-name=\"e-mail\"><input size=\"40\" maxlength=\"400\" class=\"wpcf7-form-control wpcf7-email wpcf7-validates-as-required wpcf7-text wpcf7-validates-as-email\" aria-required=\"true\" aria-invalid=\"false\" placeholder=\"email@beispiel.de\" value=\"\" type=\"email\" name=\"e-mail\" \/><\/span> <\/label><br \/>\n<label>Ihre E-Mail-Adresse ben\u00f6tigen wir, damit wir Ihnen eine Best\u00e4tigung zu senden k\u00f6nnen. Wenn Sie diese E-Mail-Adresse in unsere Daten aufnehmen m\u00f6chten, w\u00e4hlen Sie dies bitte hier aus.<br \/>\n<span class=\"wpcf7-form-control-wrap\" data-name=\"e-mail-uebernehmen\"><span class=\"wpcf7-form-control wpcf7-checkbox wpcf7-exclusive-checkbox\"><span class=\"wpcf7-list-item first last\"><label><input type=\"checkbox\" name=\"e-mail-uebernehmen\" value=\"E-Mail-Adresse in die Daten \u00fcbernehmen\" \/><span class=\"wpcf7-list-item-label\">E-Mail-Adresse in die Daten \u00fcbernehmen<\/span><\/label><\/span><\/span><\/span><\/label>\n<\/p>\n<p><label>Bitte f\u00fcllen Sie nachfolgen nur die Felder aus die sich ge\u00e4ndert haben. Nicht ge\u00e4nderte Felder lassen Sie leer.<\/label><br \/>\n<label>Festnetznummer<br \/>\n<span class=\"wpcf7-form-control-wrap\" data-name=\"telefon\"><input size=\"40\" maxlength=\"400\" class=\"wpcf7-form-control wpcf7-tel wpcf7-text wpcf7-validates-as-tel\" aria-invalid=\"false\" placeholder=\"+49123 456789\" value=\"\" type=\"tel\" name=\"telefon\" \/><\/span><\/label><br \/>\n<label>Handynummer<br \/>\n<span class=\"wpcf7-form-control-wrap\" data-name=\"handy\"><input size=\"40\" maxlength=\"400\" class=\"wpcf7-form-control wpcf7-tel wpcf7-text wpcf7-validates-as-tel\" aria-invalid=\"false\" placeholder=\"+49123 456789\" value=\"\" type=\"tel\" name=\"handy\" \/><\/span><\/label><br \/>\n<label>IBAN<br \/>\n<span class=\"wpcf7-form-control-wrap\" data-name=\"IBAN\"><input size=\"40\" maxlength=\"400\" class=\"wpcf7-form-control wpcf7-text wpcf7-validates-as-required iban\" aria-required=\"true\" aria-invalid=\"false\" value=\"DE36  0000  0000  0000  0000  00\" type=\"text\" name=\"IBAN\" \/><\/span><\/label><br \/>\n<label>Postalische Anschrift<br \/>\n<span class=\"wpcf7-form-control-wrap\" data-name=\"anschrift\"><textarea cols=\"40\" rows=\"10\" maxlength=\"2000\" class=\"wpcf7-form-control wpcf7-textarea\" aria-invalid=\"false\" placeholder=\"Stra\u00dfe Hausnummer\n Postleitzahl Stadt\nAdresszusatz\" name=\"anschrift\"><\/textarea><\/span><\/label>\n<\/p>\n<p><span class=\"wpcf7-form-control-wrap\" data-name=\"Datenverarbeitung\"><span class=\"wpcf7-form-control wpcf7-acceptance\"><span class=\"wpcf7-list-item\"><input type=\"checkbox\" name=\"Datenverarbeitung\" value=\"1\" aria-invalid=\"false\" \/><\/span><\/span><\/span> Ich stimme den <a href=\"https:\/\/www.bthv.de\/blog\/datenschutzerklaerung\" target=\"_blank\" rel=\"noopener\">Datenschutzbestimmungen<\/a> und der Verarbeitung meiner eingegbenen Daten zu.\n<\/p>\n<p><input class=\"wpcf7-form-control wpcf7-submit has-spinner\" type=\"submit\" value=\"Daten absenden\" \/>\n<\/p>\n<p><label>Mit einem * markierte Felder sind Pflicht.<\/label><br \/>\n<span id=\"wpcf7-69e221bf14631-wrapper\" class=\"wpcf7-form-control-wrap honeypot-518-wrap\" style=\"display:none !important; visibility:hidden !important;\"><label for=\"wpcf7-69e221bf14631-field\" class=\"hp-message\">Bitte lasse dieses Feld leer.<\/label><input id=\"wpcf7-69e221bf14631-field\"  class=\"wpcf7-form-control wpcf7-text\" type=\"text\" name=\"honeypot-518\" value=\"\" size=\"40\" tabindex=\"-1\" autocomplete=\"new-password\" \/><\/span>\n<\/p><div class=\"wpcf7-response-output\" aria-hidden=\"true\"><\/div>\n<\/form>\n<\/div>\n\n","protected":false},"excerpt":{"rendered":"","protected":false},"author":27,"featured_media":0,"parent":0,"menu_order":0,"comment_status":"closed","ping_status":"closed","template":"","meta":{"ngg_post_thumbnail":0,"footnotes":""},"class_list":["post-41789","page","type-page","status-publish","hentry"],"_links":{"self":[{"href":"https:\/\/www.bthv.de\/blog\/wp-json\/wp\/v2\/pages\/41789","targetHints":{"allow":["GET"]}}],"collection":[{"href":"https:\/\/www.bthv.de\/blog\/wp-json\/wp\/v2\/pages"}],"about":[{"href":"https:\/\/www.bthv.de\/blog\/wp-json\/wp\/v2\/types\/page"}],"author":[{"embeddable":true,"href":"https:\/\/www.bthv.de\/blog\/wp-json\/wp\/v2\/users\/27"}],"replies":[{"embeddable":true,"href":"https:\/\/www.bthv.de\/blog\/wp-json\/wp\/v2\/comments?post=41789"}],"version-history":[{"count":4,"href":"https:\/\/www.bthv.de\/blog\/wp-json\/wp\/v2\/pages\/41789\/revisions"}],"predecessor-version":[{"id":80948,"href":"https:\/\/www.bthv.de\/blog\/wp-json\/wp\/v2\/pages\/41789\/revisions\/80948"}],"wp:attachment":[{"href":"https:\/\/www.bthv.de\/blog\/wp-json\/wp\/v2\/media?parent=41789"}],"curies":[{"name":"wp","href":"https:\/\/api.w.org\/{rel}","templated":true}]}}