{"id":40482,"date":"2020-06-09T01:01:59","date_gmt":"2020-06-08T23:01:59","guid":{"rendered":"https:\/\/www.bthv.de\/blog\/?page_id=40482"},"modified":"2020-07-11T20:44:58","modified_gmt":"2020-07-11T18:44:58","slug":"555xlilaaktien","status":"publish","type":"page","link":"https:\/\/www.bthv.de\/blog\/555xlilaaktien","title":{"rendered":"Zeichnungsfrist beendet &#8211; wir danken allen Aktion\u00e4ren &#8211; Infos folgen"},"content":{"rendered":"<p><a href=\"https:\/\/www.bthv.de\/blog\/wp-content\/uploads\/2020\/01\/verl\u00e4ngert.jpg\" rel=\"lightbox[40482]\"><img loading=\"lazy\" decoding=\"async\" class=\"alignleft size-full wp-image-40654\" src=\"https:\/\/www.bthv.de\/blog\/wp-content\/uploads\/2020\/01\/verl\u00e4ngert.jpg\" alt=\"\" width=\"2063\" height=\"705\" srcset=\"https:\/\/www.bthv.de\/blog\/wp-content\/uploads\/2020\/01\/verl\u00e4ngert.jpg 2063w, https:\/\/www.bthv.de\/blog\/wp-content\/uploads\/2020\/01\/verl\u00e4ngert-300x103.jpg 300w, https:\/\/www.bthv.de\/blog\/wp-content\/uploads\/2020\/01\/verl\u00e4ngert-1024x350.jpg 1024w, https:\/\/www.bthv.de\/blog\/wp-content\/uploads\/2020\/01\/verl\u00e4ngert-768x262.jpg 768w, https:\/\/www.bthv.de\/blog\/wp-content\/uploads\/2020\/01\/verl\u00e4ngert-1536x525.jpg 1536w, https:\/\/www.bthv.de\/blog\/wp-content\/uploads\/2020\/01\/verl\u00e4ngert-2048x700.jpg 2048w, https:\/\/www.bthv.de\/blog\/wp-content\/uploads\/2020\/01\/verl\u00e4ngert-500x171.jpg 500w\" sizes=\"auto, (max-width: 2063px) 100vw, 2063px\" \/><\/a><\/p>\n<p>&nbsp;<\/p>\n<p>Es besteht die M\u00f6glichkeit Aktien wie folgt zu erwerben: &nbsp;\u00bc Aktie zu \u20ac 30,-, \u00bd Aktie zu \u20ac 60,- und 1 Aktie zu \u20ac 117,-.<\/p>\n<p><b>Kirsten Machts<\/b> (BTHV-Gastronomin `90-`95 \/ Gesch\u00e4ftsstellen- mitarbeiterin &amp; BTHV-Aktion\u00e4rin) und <b>Andy Stumpf<\/b> erz\u00e4hlen ihre pers\u00f6nliche LILA Geschichte im Video-Podcast \u201e<b>Die LILA BTHV Hockey-Aktie \u2013 die Zweite<\/b>\u201c.<\/p>\n<p>Hier geht\u2019s zu Kirsten &amp; Andy \u2013 Podcast Klappe die <b>Zweite<\/b>:&nbsp;<\/p>\n<p><iframe loading=\"lazy\" title=\"555 Lila Aktien Podcast \/ Pt.2 \/ kurze Version\" width=\"584\" height=\"329\" src=\"https:\/\/www.youtube.com\/embed\/t0wdSDPltd0?feature=oembed\" frameborder=\"0\" allow=\"accelerometer; autoplay; clipboard-write; encrypted-media; gyroscope; picture-in-picture; web-share\" referrerpolicy=\"strict-origin-when-cross-origin\" allowfullscreen><\/iframe><\/p>\n<p>Langversion erfahrt alles \u00fcber: Aktuelles Sportstudio live im BTHV\/ Steffi Graf \/ Kirsten tauscht den Bank- gegen den BTHV-Tresen ein \/ Andy\u2019s erste KaMu u.v.m.<u><br \/>\n<\/u><\/p>\n<p><iframe loading=\"lazy\" title=\"555 Lila Aktien Podcast \/ Pt.2 \/ lange Version\" width=\"584\" height=\"329\" src=\"https:\/\/www.youtube.com\/embed\/84XFU6wUx1k?feature=oembed\" frameborder=\"0\" allow=\"accelerometer; autoplay; clipboard-write; encrypted-media; gyroscope; picture-in-picture; web-share\" referrerpolicy=\"strict-origin-when-cross-origin\" allowfullscreen><\/iframe><\/p>\n<p>R\u00fcckblick \u2013 Podcast Klappe die <b>Erste<\/b> mit Andy:<\/p>\n<p><iframe loading=\"lazy\" title=\"555 Lila Aktien Podcast \/ Pt. 1\" width=\"584\" height=\"329\" src=\"https:\/\/www.youtube.com\/embed\/as11tspGO8E?feature=oembed\" frameborder=\"0\" allow=\"accelerometer; autoplay; clipboard-write; encrypted-media; gyroscope; picture-in-picture; web-share\" referrerpolicy=\"strict-origin-when-cross-origin\" allowfullscreen><\/iframe><\/p>\n<p>Aktion 2020 erm\u00f6glicht ALLEN mit einem lila Herzen f\u00fcr den BTHV und Hockey, symbolisch Aktien zu erwerben und sich an der aufgelegten Kapitalerh\u00f6hung f\u00fcr den neuen Hockey-Kunstrasen zu Vorzugsbedingungen zu beteiligen.<\/p>\n<p>Einmalig und zum ersten Mal in der Hockeywelt werden 555 x LILA BTHV Hockey-Aktien ausgegeben. &nbsp;Der Nominalwert pro Aktie betr\u00e4gt \u20ac 117,\u2013. Eine \u00dcberzeichnung ist m\u00f6glich und der B\u00f6rsenwert betr\u00e4gt<\/p>\n<p>\u20ac 65\u2018000. Die verl\u00e4ngerte Zeichnungsfrist endet am 7. Juli um 24:00 Uhr.<\/p>\n<p>Beteiligt euch JETZT am BTHV und zeichnet noch heute f\u00fcr eure eigene lila BTHV Hockey-Aktie.<\/p>\n<p>Tretet ein in den Kreis der Aktion\u00e4re und sichert mit eurer Investition die sportliche Zukunft der Hockeyabteilung.<\/p>\n<p>Zus\u00e4tzlich erhaltet ihr weiter Informationen \u00fcber diese Kapitalerh\u00f6hung:<\/p>\n<ul>\n<li><a href=\"https:\/\/www.bthv.de\/blog\/wp-content\/uploads\/2020\/06\/Anhang_555x-LILA-BTHV-Hockey-Aktien_Andy-Stumpf_12.06.2020_final.pdf\">Anschreiben des Hockey-Obmann Andy Stumpf<\/a><\/li>\n<li><a href=\"https:\/\/www.bthv.de\/blog\/wp-content\/uploads\/2020\/06\/Anhang_555x-LILA-BTHV-Hockey-Aktien_Zusatzinformationen-Kapitalerh\u00f6hung_12.06.2020_final.pdf\">Zusatzinformationen Aktion 2020 gem\u00e4ss B\u00f6rsen(Hockey-) Aufsichtsbeh\u00f6rde<\/a><\/li>\n<\/ul>\n<p>F\u00fcr alle weiteren Ausk\u00fcnfte rund um die LiLA Aktie stehe ich unter meinen Kontaktdaten (<a href=\"mailto:hockeyobmann@bthv.de\">hockeyobmann@bthv.de<\/a>) jederzeit f\u00fcr euch zur Verf\u00fcgung.<\/p>\n<p>Herzliche Hockeygr\u00fc\u00dfe,<br \/>\nAndy Stumpf<br \/>\n<em>Hockeyobmann BTHV<\/em><\/p>\n<a href=\"https:\/\/www.bthv.de\/blog\/wp-content\/uploads\/2020\/06\/Bthv_Aktie_Plakat_A21.pdf\" class=\"pdfemb-viewer\" style=\"\" data-width=\"max\" data-height=\"max\" data-mobile-width=\"500\"  data-scrollbar=\"none\" data-download=\"on\" data-tracking=\"on\" data-newwindow=\"on\" data-pagetextbox=\"off\" data-scrolltotop=\"off\" data-startzoom=\"100\" data-startfpzoom=\"100\" data-toolbar=\"bottom\" data-toolbar-fixed=\"off\">Bthv_Aktie_Plakat_A2(1)<br\/><\/a>\n","protected":false},"excerpt":{"rendered":"<p>&nbsp; Es besteht die M\u00f6glichkeit Aktien wie folgt zu erwerben: &nbsp;\u00bc Aktie zu \u20ac 30,-, \u00bd Aktie zu \u20ac 60,- und 1 Aktie zu \u20ac 117,-. Kirsten Machts (BTHV-Gastronomin `90-`95 \/ Gesch\u00e4ftsstellen- mitarbeiterin &amp; BTHV-Aktion\u00e4rin) und Andy Stumpf erz\u00e4hlen ihre &hellip; <a href=\"https:\/\/www.bthv.de\/blog\/555xlilaaktien\">Weiterlesen <span class=\"meta-nav\">&rarr;<\/span><\/a><\/p>\n","protected":false},"author":27,"featured_media":0,"parent":0,"menu_order":0,"comment_status":"closed","ping_status":"closed","template":"","meta":{"ngg_post_thumbnail":0,"footnotes":""},"class_list":["post-40482","page","type-page","status-publish","hentry"],"_links":{"self":[{"href":"https:\/\/www.bthv.de\/blog\/wp-json\/wp\/v2\/pages\/40482","targetHints":{"allow":["GET"]}}],"collection":[{"href":"https:\/\/www.bthv.de\/blog\/wp-json\/wp\/v2\/pages"}],"about":[{"href":"https:\/\/www.bthv.de\/blog\/wp-json\/wp\/v2\/types\/page"}],"author":[{"embeddable":true,"href":"https:\/\/www.bthv.de\/blog\/wp-json\/wp\/v2\/users\/27"}],"replies":[{"embeddable":true,"href":"https:\/\/www.bthv.de\/blog\/wp-json\/wp\/v2\/comments?post=40482"}],"version-history":[{"count":2,"href":"https:\/\/www.bthv.de\/blog\/wp-json\/wp\/v2\/pages\/40482\/revisions"}],"predecessor-version":[{"id":40731,"href":"https:\/\/www.bthv.de\/blog\/wp-json\/wp\/v2\/pages\/40482\/revisions\/40731"}],"wp:attachment":[{"href":"https:\/\/www.bthv.de\/blog\/wp-json\/wp\/v2\/media?parent=40482"}],"curies":[{"name":"wp","href":"https:\/\/api.w.org\/{rel}","templated":true}]}}