{"id":37844,"date":"2019-06-23T23:18:06","date_gmt":"2019-06-23T21:18:06","guid":{"rendered":"https:\/\/www.bthv.de\/blog\/?page_id=37844"},"modified":"2019-06-23T23:18:06","modified_gmt":"2019-06-23T21:18:06","slug":"wir-suchen","status":"publish","type":"page","link":"https:\/\/www.bthv.de\/blog\/ehrenamtuebersicht\/wir-suchen","title":{"rendered":"Wir suchen&#8230;"},"content":{"rendered":"<p>Der BTHV sucht regelm\u00e4\u00dfig Mitglieder zur ehrenamtlichen Mitarbeit. Das k\u00f6nnen l\u00e4ngerfristige freiwillige Engagements sein (etwa im Vorstand oder als MannschaftsbetreuerIn) oder auch kurzfristige Aufgaben (etwa Hilfe beim Sommerfest oder \u00e4hnliches). Das Ehrenamtsteam nimmt die Gesuche gerne unter <a href=\"mailto:ehrenamt@bthv.de\">ehrenamt@bthv.de<\/a> entgegen, formuliert daraus Stellenbeschreibungen und ver\u00f6ffentlicht diese auf der BTHV-Homepage.<\/p>\n<p>Offene Stellenangebote:<\/p>\n<a href=\"https:\/\/www.bthv.de\/blog\/wp-content\/uploads\/2019\/06\/Stellenprofil_VS-Kommunikation-O\u0308ffentlichkeitsarbeit.pdf\" class=\"pdfemb-viewer\" style=\"\" data-width=\"max\" data-height=\"max\" data-mobile-width=\"500\"  data-scrollbar=\"none\" data-download=\"on\" data-tracking=\"on\" data-newwindow=\"on\" data-pagetextbox=\"off\" data-scrolltotop=\"off\" data-startzoom=\"100\" data-startfpzoom=\"100\" data-toolbar=\"bottom\" data-toolbar-fixed=\"off\">Stellenprofil_VS Kommunikation &amp; O\u0308ffentlichkeitsarbeit<br\/><\/a>\n<a href=\"https:\/\/www.bthv.de\/blog\/wp-content\/uploads\/2019\/06\/Stellenprofil-Hockey-Ehrenamtliche-fu\u0308r-das-Projekt-Saisonero\u0308ffnung-Hockey-Feld-und-Halle.pdf\" class=\"pdfemb-viewer\" style=\"\" data-width=\"max\" data-height=\"max\" data-mobile-width=\"500\"  data-scrollbar=\"none\" data-download=\"on\" data-tracking=\"on\" data-newwindow=\"on\" data-pagetextbox=\"off\" data-scrolltotop=\"off\" data-startzoom=\"100\" data-startfpzoom=\"100\" data-toolbar=\"bottom\" data-toolbar-fixed=\"off\">Stellenprofil - Hockey - Ehrenamtliche fu\u0308r das Projekt Saisonero\u0308ffnung Hockey (Feld und Halle)<br\/><\/a>\n<a href=\"https:\/\/www.bthv.de\/blog\/wp-content\/uploads\/2019\/06\/Stellenprofil-Hockey-Unterstu\u0308tzer_in-der-Hockeymannschaften-im-Seniorenbereich.pdf\" class=\"pdfemb-viewer\" style=\"\" data-width=\"max\" data-height=\"max\" data-mobile-width=\"500\"  data-scrollbar=\"none\" data-download=\"on\" data-tracking=\"on\" data-newwindow=\"on\" data-pagetextbox=\"off\" data-scrolltotop=\"off\" data-startzoom=\"100\" data-startfpzoom=\"100\" data-toolbar=\"bottom\" data-toolbar-fixed=\"off\">Stellenprofil - Hockey - Unterstu\u0308tzer_in der Hockeymannschaften im Seniorenbereich<br\/><\/a>\n<a href=\"https:\/\/www.bthv.de\/blog\/wp-content\/uploads\/2019\/06\/Stellenprofil-Tennis-Ehrenamtliche-fu\u0308r-regelma\u0308\u00dfig-anfallende-Aufgaben-in-der-Tennisabteilung.pdf\" class=\"pdfemb-viewer\" style=\"\" data-width=\"max\" data-height=\"max\" data-mobile-width=\"500\"  data-scrollbar=\"none\" data-download=\"on\" data-tracking=\"on\" data-newwindow=\"on\" data-pagetextbox=\"off\" data-scrolltotop=\"off\" data-startzoom=\"100\" data-startfpzoom=\"100\" data-toolbar=\"bottom\" data-toolbar-fixed=\"off\">Stellenprofil - Tennis - Ehrenamtliche fu\u0308r regelma\u0308\u00dfig anfallende Aufgaben in der Tennisabteilung<br\/><\/a>\n<a href=\"https:\/\/www.bthv.de\/blog\/wp-content\/uploads\/2019\/06\/Stellenprofil-Tennis-Koordinatoren-m_w-im-Mannschaftsbereich-Tennis.pdf\" class=\"pdfemb-viewer\" style=\"\" data-width=\"max\" data-height=\"max\" data-mobile-width=\"500\"  data-scrollbar=\"none\" data-download=\"on\" data-tracking=\"on\" data-newwindow=\"on\" data-pagetextbox=\"off\" data-scrolltotop=\"off\" data-startzoom=\"100\" data-startfpzoom=\"100\" data-toolbar=\"bottom\" data-toolbar-fixed=\"off\">Stellenprofil - Tennis - Koordinatoren (m_w) im Mannschaftsbereich Tennis<br\/><\/a>\n","protected":false},"excerpt":{"rendered":"<p>Der BTHV sucht regelm\u00e4\u00dfig Mitglieder zur ehrenamtlichen Mitarbeit. Das k\u00f6nnen l\u00e4ngerfristige freiwillige Engagements sein (etwa im Vorstand oder als MannschaftsbetreuerIn) oder auch kurzfristige Aufgaben (etwa Hilfe beim Sommerfest oder \u00e4hnliches). Das Ehrenamtsteam nimmt die Gesuche gerne unter ehrenamt@bthv.de entgegen, formuliert &hellip; <a href=\"https:\/\/www.bthv.de\/blog\/ehrenamtuebersicht\/wir-suchen\">Weiterlesen <span class=\"meta-nav\">&rarr;<\/span><\/a><\/p>\n","protected":false},"author":27,"featured_media":0,"parent":37835,"menu_order":0,"comment_status":"closed","ping_status":"closed","template":"","meta":{"ngg_post_thumbnail":0,"footnotes":""},"class_list":["post-37844","page","type-page","status-publish","hentry"],"_links":{"self":[{"href":"https:\/\/www.bthv.de\/blog\/wp-json\/wp\/v2\/pages\/37844","targetHints":{"allow":["GET"]}}],"collection":[{"href":"https:\/\/www.bthv.de\/blog\/wp-json\/wp\/v2\/pages"}],"about":[{"href":"https:\/\/www.bthv.de\/blog\/wp-json\/wp\/v2\/types\/page"}],"author":[{"embeddable":true,"href":"https:\/\/www.bthv.de\/blog\/wp-json\/wp\/v2\/users\/27"}],"replies":[{"embeddable":true,"href":"https:\/\/www.bthv.de\/blog\/wp-json\/wp\/v2\/comments?post=37844"}],"version-history":[{"count":1,"href":"https:\/\/www.bthv.de\/blog\/wp-json\/wp\/v2\/pages\/37844\/revisions"}],"predecessor-version":[{"id":37850,"href":"https:\/\/www.bthv.de\/blog\/wp-json\/wp\/v2\/pages\/37844\/revisions\/37850"}],"up":[{"embeddable":true,"href":"https:\/\/www.bthv.de\/blog\/wp-json\/wp\/v2\/pages\/37835"}],"wp:attachment":[{"href":"https:\/\/www.bthv.de\/blog\/wp-json\/wp\/v2\/media?parent=37844"}],"curies":[{"name":"wp","href":"https:\/\/api.w.org\/{rel}","templated":true}]}}