{"id":37835,"date":"2019-06-23T23:06:00","date_gmt":"2019-06-23T21:06:00","guid":{"rendered":"https:\/\/www.bthv.de\/blog\/?page_id=37835"},"modified":"2025-08-28T11:25:14","modified_gmt":"2025-08-28T09:25:14","slug":"ehrenamtuebersicht","status":"publish","type":"page","link":"https:\/\/www.bthv.de\/blog\/ehrenamtuebersicht","title":{"rendered":"Ehrenamt\u00fcbersicht"},"content":{"rendered":"<p><strong>Das Ehrenamt im BTHV<\/strong><\/p>\n<p><strong>HINTERGRUND<\/strong><\/p>\n<p>Der BTHV ist einer der Mitglieder st\u00e4rksten Sportvereine in Bonn mit einer \u00fcber 115-j\u00e4hrigen Tradition. Er wird \u00fcberwiegend ehrenamtlich gef\u00fchrt. Nicht zuletzt deswegen ben\u00f6tigt der BTHV dauerhaft eine gro\u00dfe Anzahl an Ehrenamtlichen, die den Verein als Vorstand f\u00fchren und den t\u00e4glichen sportlichen Ablauf (bezahlte Trainer) sowie die Verwaltung (hauptamtlicher Gesch\u00e4ftsf\u00fchrer) unterst\u00fctzen.<\/p>\n<p>Das ist \u2013 wie in fast allen Sportvereinen in Deutschland \u2013 eine Herkulesaufgabe. Immer h\u00e4ufiger stellt sich die Frage, wie sich gerade die traditionellen Formen des Ehrenamts mit modernen Lebensformen vereinbaren lassen in einer Gesellschaft, die im Laufe der letzten Jahre eine Wertever\u00e4nderung erfahren hat und sicherlich auch in Zukunft weiter erfahren wird.<\/p>\n<p>Insgesamt engagiert sich bereits eine erfreulich hohe Anzahl an Mitgliedern freiwillig im BTHV. Trotzdem scheint der Einsatz der freiwilligen Helfer zum Teil eher <em>ad hoc<\/em> und nicht immer gut organisiert. Zudem bleiben wichtige Aufgabe unerledigt und im Ideenstadium h\u00e4ngen (\u201eMan m\u00fcsste eigentlich mal&#8230;\u201c). Auch vermissen einige der Freiwilligen eine wertsch\u00e4tzende Anerkennung f\u00fcr ihren Einsatz.<\/p>\n<p>Daher kommt es zwangsl\u00e4ufig immer mal wieder zu Unmut, der sich negativ auf die Vereinskultur auswirkt. Arbeit bleibt unerledigt, die vorhandenen Ehrenamtlichen m\u00fcssen deshalb viel mehr stemmen, als es ihre Zeit und Ressourcen eigentlich erlauben. Die Folge sind Ersch\u00f6pfung, Frust und nicht selten R\u00fcckzug ins Private bei den Ehrenamtlichen sowie unerledigte Aufgaben im Verein. Leider verliert ein Verein in solch einem Szenario nicht selten genau die Mitglieder, die eigentlich bereit sind, sich zu engagieren.<\/p>\n<p>Die Frage, die derzeit die Sportvereine in der gesamten Bundesrepublik umtreibt, lautet also:<\/p>\n<p><strong>Wie kann es der Verein schaffen, nachhaltig und planbar eine m\u00f6glichst gro\u00dfe Zahl an freiwillig Engagierten zu mobilisieren und l\u00e4ngerfristig zu binden?<\/strong><\/p>\n<p>Im Rahmen der Initiative \u201cBewegt \u00c4LTER werden in NRW\u201d des Landessportbunds, wurde der BTHV 2017 als idealer Partner auserkoren, um als Pilotprojekt ein Ehrenamtskonzept zu erarbeiten. Vorstandsmitglied Sabine Kaldonek hat sich daraufhin des Themas angenommen.<\/p>\n<p>Als erstes musste ein \u201eFreiwilliger\u201c gefunden werden, der ein Ehrenamtskonzept erstellen kann. Oliver Wittershagen, passives Mitglied im BTHV mit zwei Hockeyt\u00f6chtern, wurde daraufhin gebeten, ein solches Konzept f\u00fcr unseren Verein zu entwickeln. Diese Bitte wurde nicht rein zuf\u00e4llig an ihn herangetragen. Oliver hat \u00fcber 15 Jahre lang im Auftrag der Vereinten Nationen Regierungen und Organisationen in \u00fcber 20 L\u00e4ndern der Erde im Bereich Aufbau und Management von Freiwilligenstrukturen beraten. Gl\u00fccklicherweise hat sich Oliver auch sofort bereit erkl\u00e4rt, diese Aufgabe zu \u00fcbernehmen.<\/p>\n","protected":false},"excerpt":{"rendered":"<p>Das Ehrenamt im BTHV HINTERGRUND Der BTHV ist einer der Mitglieder st\u00e4rksten Sportvereine in Bonn mit einer \u00fcber 115-j\u00e4hrigen Tradition. Er wird \u00fcberwiegend ehrenamtlich gef\u00fchrt. Nicht zuletzt deswegen ben\u00f6tigt der BTHV dauerhaft eine gro\u00dfe Anzahl an Ehrenamtlichen, die den Verein &hellip; <a href=\"https:\/\/www.bthv.de\/blog\/ehrenamtuebersicht\">Weiterlesen <span class=\"meta-nav\">&rarr;<\/span><\/a><\/p>\n","protected":false},"author":27,"featured_media":0,"parent":0,"menu_order":0,"comment_status":"closed","ping_status":"closed","template":"","meta":{"ngg_post_thumbnail":0,"footnotes":""},"class_list":["post-37835","page","type-page","status-publish","hentry"],"_links":{"self":[{"href":"https:\/\/www.bthv.de\/blog\/wp-json\/wp\/v2\/pages\/37835","targetHints":{"allow":["GET"]}}],"collection":[{"href":"https:\/\/www.bthv.de\/blog\/wp-json\/wp\/v2\/pages"}],"about":[{"href":"https:\/\/www.bthv.de\/blog\/wp-json\/wp\/v2\/types\/page"}],"author":[{"embeddable":true,"href":"https:\/\/www.bthv.de\/blog\/wp-json\/wp\/v2\/users\/27"}],"replies":[{"embeddable":true,"href":"https:\/\/www.bthv.de\/blog\/wp-json\/wp\/v2\/comments?post=37835"}],"version-history":[{"count":3,"href":"https:\/\/www.bthv.de\/blog\/wp-json\/wp\/v2\/pages\/37835\/revisions"}],"predecessor-version":[{"id":80043,"href":"https:\/\/www.bthv.de\/blog\/wp-json\/wp\/v2\/pages\/37835\/revisions\/80043"}],"wp:attachment":[{"href":"https:\/\/www.bthv.de\/blog\/wp-json\/wp\/v2\/media?parent=37835"}],"curies":[{"name":"wp","href":"https:\/\/api.w.org\/{rel}","templated":true}]}}