{"id":36583,"date":"2019-04-01T01:06:35","date_gmt":"2019-03-31T23:06:35","guid":{"rendered":"https:\/\/www.bthv.de\/blog\/?page_id=36583"},"modified":"2023-05-31T13:38:56","modified_gmt":"2023-05-31T11:38:56","slug":"vereinsmeisterschaft","status":"publish","type":"page","link":"https:\/\/www.bthv.de\/blog\/tennis\/vereinsmeisterschaft","title":{"rendered":"Vereinsmeisterschaft"},"content":{"rendered":"<div><em>Liebe Mitglieder,<\/em><\/div>\n<div><em>auch in diesem Jahr wollen wir wieder eine Clubmeisterschaft anbieten und zwar unter dem Motto:<\/em><\/div>\n<div>&nbsp;<\/div>\n<div><span style=\"color: #800080;\"><strong>Game, Match &amp; Terrasse!<\/strong><\/span><\/div>\n<div>\n<p>Wer m\u00f6chte diese drei Worte nach einem anstrengenden Tennismatch nicht gern f\u00fcr sich beanspruchen? Auch bei den diesj\u00e4hrigen BTHV Clubmeisterschaften bei den Erwachsenen ist es sicherlich das Ziel aller Teilnehmenden, nach einem anstrengenden und sportlich fairen Match als Sieger vom Platz gehen zu k\u00f6nnen und vielleicht sogar Clubmeister oder Clubmeisterin 2023 zu werden.<\/p>\n<p>Um dieses Ziel zu erreichen, stehen allerdings erst einmal einige hochinteressante Partien auf dem Programm, die den Teilnehmenden alles abverlangen und uns allen Aufschluss dar\u00fcber geben werden, wer sich zu guter Letzt Clubmeister oder Clubmeisterin 2022 nennen darf.<\/p>\n<p>Gespielt wird je nach Anzahl der Anmeldungen in Gruppen oder K.O. System.<\/p>\n<\/div>\n<div aria-hidden=\"true\">\n<p>Die m\u00f6glichen Konkurrenzen findet ihr auf dem Anmeldeformular.&nbsp;<\/p>\n<p>Der gro\u00dfe Finaltag der zeitgleich mit den Kindern und Jugendlichen ausgetragen wird findet am 16.\/17. September statt.<\/p>\n<\/div>\n<div><em>Ihr k\u00f6nnt Euch ab sofort \u00fcber das Anmeldeformular bis zum 07.06.2023 anmelden.<\/em><\/div>\n<div>&nbsp;<\/div>\n<div><a href=\"https:\/\/www.bthv.de\/blog\/tennis\/vereinsmeisterschaft-anmeldung\">Vereinsmeisterschaft Anmeldung<\/a><\/div>\n<div>&nbsp;<\/div>\n<div aria-hidden=\"true\">&nbsp;<\/div>\n<div><em>Wir freuen uns auf sensationelle Clubmeisterschaften und hoffen auf viele spannende Matches.&nbsp;<\/em><\/div>\n<div><em>Falls Fragen aufkommen sollten, k\u00f6nnt Ihr Euch gerne bei <a href=\"mailto:jbahnemann@aol.com\">Janni Bahnemann<\/a>&nbsp;melden.<\/em><\/div>\n<div>&nbsp;<\/div>\n<div><em>Euer Clubmeisterschafts-Team<br aria-hidden=\"true\"><\/em><\/div>\n<div>&nbsp;<\/div>\n","protected":false},"excerpt":{"rendered":"<p>Liebe Mitglieder, auch in diesem Jahr wollen wir wieder eine Clubmeisterschaft anbieten und zwar unter dem Motto: &nbsp; Game, Match &amp; Terrasse! Wer m\u00f6chte diese drei Worte nach einem anstrengenden Tennismatch nicht gern f\u00fcr sich beanspruchen? Auch bei den diesj\u00e4hrigen &hellip; <a href=\"https:\/\/www.bthv.de\/blog\/tennis\/vereinsmeisterschaft\">Weiterlesen <span class=\"meta-nav\">&rarr;<\/span><\/a><\/p>\n","protected":false},"author":27,"featured_media":0,"parent":42,"menu_order":0,"comment_status":"closed","ping_status":"closed","template":"","meta":{"ngg_post_thumbnail":0,"footnotes":""},"class_list":["post-36583","page","type-page","status-publish","hentry"],"_links":{"self":[{"href":"https:\/\/www.bthv.de\/blog\/wp-json\/wp\/v2\/pages\/36583","targetHints":{"allow":["GET"]}}],"collection":[{"href":"https:\/\/www.bthv.de\/blog\/wp-json\/wp\/v2\/pages"}],"about":[{"href":"https:\/\/www.bthv.de\/blog\/wp-json\/wp\/v2\/types\/page"}],"author":[{"embeddable":true,"href":"https:\/\/www.bthv.de\/blog\/wp-json\/wp\/v2\/users\/27"}],"replies":[{"embeddable":true,"href":"https:\/\/www.bthv.de\/blog\/wp-json\/wp\/v2\/comments?post=36583"}],"version-history":[{"count":7,"href":"https:\/\/www.bthv.de\/blog\/wp-json\/wp\/v2\/pages\/36583\/revisions"}],"predecessor-version":[{"id":62380,"href":"https:\/\/www.bthv.de\/blog\/wp-json\/wp\/v2\/pages\/36583\/revisions\/62380"}],"up":[{"embeddable":true,"href":"https:\/\/www.bthv.de\/blog\/wp-json\/wp\/v2\/pages\/42"}],"wp:attachment":[{"href":"https:\/\/www.bthv.de\/blog\/wp-json\/wp\/v2\/media?parent=36583"}],"curies":[{"name":"wp","href":"https:\/\/api.w.org\/{rel}","templated":true}]}}