{"id":34958,"date":"2018-10-21T21:03:25","date_gmt":"2018-10-21T19:03:25","guid":{"rendered":"https:\/\/www.bthv.de\/blog\/?page_id=34958"},"modified":"2018-11-02T18:08:37","modified_gmt":"2018-11-02T17:08:37","slug":"torpatenaktion","status":"publish","type":"page","link":"https:\/\/www.bthv.de\/blog\/hockey\/torpatenaktion","title":{"rendered":"Torpatenaktion"},"content":{"rendered":"<h2>Go for Goals &#8211; Schie\u00dft uns zu neuem Gr\u00fcn, Blau oder Lila! Gemeinsam auf Torejagd f\u00fcr unseren neuen Kunstrasen.<\/h2>\n<p>Im Rahmen aller Meisterschaftsspiele der Hallensaison &#8217;18\/&#8217;19 k\u00f6nnt Ihr mit euren Toren Spenden f\u00fcr den Neubau unseres neuen Kunstrasens sammeln.<br \/>\nSo einfach helft ihr mit: Jeder BTHV-Hockeyspieler, von den Minis bis zu den Erwachsenen, sucht sich m\u00f6glichst viele Torpat*innen f\u00fcr jedes geschossene Mannschaftstor seiner eigenen Mannschaft. Die Torpat*innen und deren Informationen tragt Ihr in das \u201eGo for Goals\u201c Formular ein und gebt es anschlie\u00dfend eurem Mannschaftsbetreuer (Jugend) oder Mannschaftsf\u00fchrer (Erwachsene). Den w\u00f6chentlich aktualisierten Torticker k\u00f6nnt Ihr w\u00e4hrend des Aktionszeitraums unter www.bthv.de beobachten.<br \/>\nDabei sein lohnt sich doppelt! Unter allen teilnehmenden Torpat*innen wird am Ende der Aktion ein toller Preis verlost. Die 3 Jugendmannschaften mit den jeweils h\u00f6chsten Torertr\u00e4gen je Einzeltor (nicht meist geschossene Tore) erwartet ebenfalls eine tolle Team-\u00dcberraschung.<br \/>\nWir freuen uns \u00fcber eure Unterst\u00fctzung. Vielen Dank!<\/p>\n<h2>FAQ<\/h2>\n<h2>Was ist eine Torpatenaktion?<\/h2>\n<p>Ihr w\u00e4hlt eine oder mehrere Mannschaften aus, die ihr mit einem bestimmten Betrag pro Mannschaftstor unterst\u00fctzt. Die w\u00e4hrend der Saison erzielten Tore werden am Ende addiert und dem Torpaten zusammen mit allen Details zur Abrechnung mitgeteilt.<\/p>\n<h2>Welche Mannschaften kann ich unterst\u00fctzen?<\/h2>\n<p>Es k\u00f6nnen alle BTHV-Hockeymannschaften, welche am Spielbetrieb des Rheinbezirks \/ Westdeutschen Hockeyverbands \/ Deutschen Hockey Bundes teilnehmen, durch Torpaten unterst\u00fctzt werden.<\/p>\n<h2>Wie viele Tore werden erfahrungsgem\u00e4\u00df in einer Saison erzielt?<\/h2>\n<p>Die Gesamtanzahl geschossener Tore ist nat\u00fcrlich abh\u00e4ngig von der Altersklasse, M\u00e4nnlich oder Weiblich, Jugend oder Erwachsene. Schaut man sich die Abschlusstabellen der vergangenen Hallensaisons an, so kann man f\u00fcr den Jugendbereich eine Trefferquote von ca. 35 bis 45 Toren,<br \/>\nf\u00fcr den Erwachsenenbereich von 50 bis 70 Toren festlegen.<\/p>\n<h2>In welchem Zeitraum m\u00fcssen die Tore erzielt werden?<\/h2>\n<p>Es werden alle Tore gewertet, welche in Meisterschaftsspielen zwischen dem 1. November 2018 und dem 15. April 2019 erzielt werden. Dies gilt unabh\u00e4ngig vom Anmeldezeitpunkt.<\/p>\n<h2>Wof\u00fcr werden die Einnahmen der Torpatenaktion verwendet?<\/h2>\n<p>Die Erl\u00f6se der Torpatenaktion dienen der Finanzierung des Neubaus unseres Kunstrasenplatzes.<\/p>\n<h2>Wie melde ich mich an?<\/h2>\n<p>Die Anmeldung ist \u00fcber ein Formular vorgesehen. Dieses erreicht ihr \u00fcber folgenden Link: [Link einf\u00fcgen] Das ausgef\u00fcllte Formular \u00fcbergebt Ihr bitte eurem jeweiligen Mannschaftsbetreuer (Jugend) oder Mannschaftsf\u00fchrer (Erwachsene).<\/p>\n<h2>Erhalte ich eine Spendenquittung?<\/h2>\n<p>Jede Torpatin \/ jeder Torpate erh\u00e4lt eine Spendenquittung, sofern auf dem Flyer zur BTHV-Torpatenaktion das entsprechende Auswahlfeld angekreuzt und die Adresse der Torpatin \/ des Torpaten angegeben wird. Die Spendenquittungen werden von unserer Gesch\u00e4ftsstelle ausgestellt und per mail zugesandt.<\/p>\n<h2>Wann \/ Wie \/ Wo kann ich den Endbetrag begleichen?<\/h2>\n<p>Nach Abschluss der Torpatenaktion erh\u00e4lt jeder Torpate seine pers\u00f6nliche Abrechnung per Mail. Bevorzugt kann der f\u00e4llige Betrag bequem per \u00dcberweisung an angegebenes Konto mit vorgegebenem Verwendungszweck \u00fcberweisen werden (Infos in der Endabrechnung). Endbetr\u00e4ge k\u00f6nnen auch Bar in der Gesch\u00e4ftsstelle abgegeben werden.<\/p>\n<h2>Du hast weitere Fragen?<\/h2>\n<p>Dann schick uns gerne eine Mail an: <a href=\"mailto:GoForGoals@bthv.de\">GoForGoals@bthv.de<\/a><\/p>\n<p><a href=\"https:\/\/www.bthv.de\/blog\/wp-content\/uploads\/2018\/11\/20181102_GoForGoals_Flyer_2seitig_Final_print.pdf\">Druckversion des Flyers<\/a><\/p>\n<a href=\"https:\/\/www.bthv.de\/blog\/wp-content\/uploads\/2018\/10\/20181030_GoForGoals_Flyer_2seitig_Final.pdf\" class=\"pdfemb-viewer\" style=\"\" data-width=\"max\" data-height=\"max\" data-mobile-width=\"500\"  data-scrollbar=\"none\" data-download=\"on\" data-tracking=\"on\" data-newwindow=\"on\" data-pagetextbox=\"off\" data-scrolltotop=\"off\" data-startzoom=\"100\" data-startfpzoom=\"100\" data-toolbar=\"bottom\" data-toolbar-fixed=\"off\">GoForGoals_Flyer<br\/><\/a>\n","protected":false},"excerpt":{"rendered":"<p>Go for Goals &#8211; Schie\u00dft uns zu neuem Gr\u00fcn, Blau oder Lila! Gemeinsam auf Torejagd f\u00fcr unseren neuen Kunstrasen. Im Rahmen aller Meisterschaftsspiele der Hallensaison &#8217;18\/&#8217;19 k\u00f6nnt Ihr mit euren Toren Spenden f\u00fcr den Neubau unseres neuen Kunstrasens sammeln. So &hellip; <a href=\"https:\/\/www.bthv.de\/blog\/hockey\/torpatenaktion\">Weiterlesen <span class=\"meta-nav\">&rarr;<\/span><\/a><\/p>\n","protected":false},"author":27,"featured_media":0,"parent":44,"menu_order":0,"comment_status":"closed","ping_status":"closed","template":"","meta":{"ngg_post_thumbnail":0,"footnotes":""},"class_list":["post-34958","page","type-page","status-publish","hentry"],"_links":{"self":[{"href":"https:\/\/www.bthv.de\/blog\/wp-json\/wp\/v2\/pages\/34958","targetHints":{"allow":["GET"]}}],"collection":[{"href":"https:\/\/www.bthv.de\/blog\/wp-json\/wp\/v2\/pages"}],"about":[{"href":"https:\/\/www.bthv.de\/blog\/wp-json\/wp\/v2\/types\/page"}],"author":[{"embeddable":true,"href":"https:\/\/www.bthv.de\/blog\/wp-json\/wp\/v2\/users\/27"}],"replies":[{"embeddable":true,"href":"https:\/\/www.bthv.de\/blog\/wp-json\/wp\/v2\/comments?post=34958"}],"version-history":[{"count":2,"href":"https:\/\/www.bthv.de\/blog\/wp-json\/wp\/v2\/pages\/34958\/revisions"}],"predecessor-version":[{"id":35071,"href":"https:\/\/www.bthv.de\/blog\/wp-json\/wp\/v2\/pages\/34958\/revisions\/35071"}],"up":[{"embeddable":true,"href":"https:\/\/www.bthv.de\/blog\/wp-json\/wp\/v2\/pages\/44"}],"wp:attachment":[{"href":"https:\/\/www.bthv.de\/blog\/wp-json\/wp\/v2\/media?parent=34958"}],"curies":[{"name":"wp","href":"https:\/\/api.w.org\/{rel}","templated":true}]}}