{"id":34631,"date":"2018-09-17T12:00:55","date_gmt":"2018-09-17T10:00:55","guid":{"rendered":"https:\/\/www.bthv.de\/blog\/?page_id=34631"},"modified":"2026-02-09T11:08:37","modified_gmt":"2026-02-09T10:08:37","slug":"tennis-training-hobby","status":"publish","type":"page","link":"https:\/\/www.bthv.de\/blog\/tennis\/tennis-training-hobby","title":{"rendered":"Tennis Training Hobby"},"content":{"rendered":"<p><b>Liebe Hobbyspielerinnen und Hobbyspieler,<\/b><\/p>\n<div data-canvas-width=\"500.8960000000002\">\n<p>im BTHV bieten wir Hobby-Training f\u00fcr ambitionierte Hobbyspielerinnen und -spieler an, die ihr Tennisspiel verbessern m\u00f6chten. Dabei spielt es keine Rolle, ob Sie mit dem Tennis anfangen m\u00f6chten oder bereits ein fortgeschrittenes Tennislevel erreicht haben. Ziel des Trainings ist die Verbesserung der Spielf\u00e4higkeit, sowohl im technischen als auch im taktischen Bereich. Gleichzeitig m\u00f6chten wir mit dem Hobby-Training den Austausch zwischen den Spielerinnen und Spielern f\u00f6rdern, damit sich neue Spielpartnerinnen und Spielpartner finden.<\/p>\n<p>Das 60-min\u00fctige Training findet regelm\u00e4\u00dfig in Gruppen mit 4-5 Teilnehmern montags bis samstags statt und kann je nach Verf\u00fcgbarkeit und Gruppeneinteilung sowohl vormittags, mittags oder abends angeboten werden. Die Einteilung der Gruppen erfolgt auf Basis der Spielst\u00e4rke und der gew\u00fcnschten Trainingszeiten.<\/p>\n<p>Voraussetzung f\u00fcr die Teilnahme am Hobby-Training ist eine Mitgliedschaft im BTHV. Wer noch kein BTHV Mitglied ist, kann in der ersten Saison am Hobby-Training als Probemitglied teilnehmen. Probemitgliedsantr\u00e4ge erhalten Sie in der Gesch\u00e4ftsstelle oder auf Anfrage per Mail an Kirsten Machts (<a href=\"mailto:mv@bthv.de\">mv@bthv.de<\/a>).<\/p>\n<p>Bei allgemeinen Fragen zum Hobby-Training steht Ihnen Susi Rutz <a href=\"tennisbuero@bthv.de\">(tennisbuero@bthv.de<\/a><a href=\"tennisbuero@bthv.de\">)<\/a> gerne zur Verf\u00fcgung.<\/p>\n<p>Der Tennisvorstand<\/p>\n<p><strong>Ausschreibung und Online-Anmeldung:&nbsp;<\/strong><\/p>\n<p><a href=\"https:\/\/www.bthv.de\/blog\/wp-content\/uploads\/2026\/02\/Ausschreibung-Hobby-Training-Sommer-2026.pdf\">Ausschreibung Sommer&nbsp;<\/a><a href=\"https:\/\/www.bthv.de\/blog\/wp-content\/uploads\/2026\/02\/Ausschreibung-Hobby-Training-Sommer-2026.pdf\">26<\/a><\/p>\n<p>F\u00fcr die Organisation des Sommertrainings arbeiten wir weiterhin mit dem digitalen Planungstool <strong>\u201eSportision\u201c<\/strong>, dass uns bei der Trainingsplanerstellung unterst\u00fctzt.<\/p>\n<p>Die Anmeldung f\u00fcr das Training findet \u00fcber die Homepage des Anbieters statt. Dort findet ihr unter den Saisonanmeldungen das Trainingsangebot Hobbytraining Sommer oder Winter.&nbsp;<\/p>\n<p>Unter Dateien findet ihr die obige Ausschreibung, bitte lest euch diese durch, hier findet ihr alle wichtigen Informationen zu der kommenden oder laufenden Saison.<\/p>\n<p>Die Anmeldung selbst l\u00e4uft \u00fcber den Button Einschreiben.&nbsp;<\/p>\n<p>Wir empfehlen Euch einen Account anzulegen, da dann jederzeit die Einsicht in Eure Anmeldung und auch deren Ver\u00e4nderung m\u00f6glich ist. Wenn ihr dies nicht m\u00f6chtet, tragt eure Daten bitte unter&nbsp;<em>als Gast fortfahren&nbsp;<\/em>ein, dies ist die Voraussetzung daf\u00fcr, dass ihr die Mails mit den Infos \u00fcber eure Trainingszeiten bekommt.&nbsp;<\/p>\n<\/div>\n<div data-canvas-width=\"500.8960000000002\"><strong><u>Die Online Anmeldung und die Ausschreibung<\/u><\/strong>&nbsp;findet ihr \u00fcber den folgenden Link: &nbsp;<a href=\"https:\/\/www.sportision.de\/club\/bonner-thv\"><b>Anmeldung<\/b><\/a><\/div>\n<div data-canvas-width=\"500.8960000000002\">&nbsp;<\/div>\n<div data-canvas-width=\"500.8960000000002\">&nbsp;<\/div>\n","protected":false},"excerpt":{"rendered":"<p>Liebe Hobbyspielerinnen und Hobbyspieler, im BTHV bieten wir Hobby-Training f\u00fcr ambitionierte Hobbyspielerinnen und -spieler an, die ihr Tennisspiel verbessern m\u00f6chten. Dabei spielt es keine Rolle, ob Sie mit dem Tennis anfangen m\u00f6chten oder bereits ein fortgeschrittenes Tennislevel erreicht haben. Ziel &hellip; <a href=\"https:\/\/www.bthv.de\/blog\/tennis\/tennis-training-hobby\">Weiterlesen <span class=\"meta-nav\">&rarr;<\/span><\/a><\/p>\n","protected":false},"author":27,"featured_media":0,"parent":42,"menu_order":0,"comment_status":"closed","ping_status":"closed","template":"","meta":{"ngg_post_thumbnail":0,"footnotes":""},"class_list":["post-34631","page","type-page","status-publish","hentry"],"_links":{"self":[{"href":"https:\/\/www.bthv.de\/blog\/wp-json\/wp\/v2\/pages\/34631","targetHints":{"allow":["GET"]}}],"collection":[{"href":"https:\/\/www.bthv.de\/blog\/wp-json\/wp\/v2\/pages"}],"about":[{"href":"https:\/\/www.bthv.de\/blog\/wp-json\/wp\/v2\/types\/page"}],"author":[{"embeddable":true,"href":"https:\/\/www.bthv.de\/blog\/wp-json\/wp\/v2\/users\/27"}],"replies":[{"embeddable":true,"href":"https:\/\/www.bthv.de\/blog\/wp-json\/wp\/v2\/comments?post=34631"}],"version-history":[{"count":12,"href":"https:\/\/www.bthv.de\/blog\/wp-json\/wp\/v2\/pages\/34631\/revisions"}],"predecessor-version":[{"id":81087,"href":"https:\/\/www.bthv.de\/blog\/wp-json\/wp\/v2\/pages\/34631\/revisions\/81087"}],"up":[{"embeddable":true,"href":"https:\/\/www.bthv.de\/blog\/wp-json\/wp\/v2\/pages\/42"}],"wp:attachment":[{"href":"https:\/\/www.bthv.de\/blog\/wp-json\/wp\/v2\/media?parent=34631"}],"curies":[{"name":"wp","href":"https:\/\/api.w.org\/{rel}","templated":true}]}}