{"id":33577,"date":"2018-05-26T21:16:38","date_gmt":"2018-05-26T19:16:38","guid":{"rendered":"http:\/\/www.bthv.de\/blog\/?page_id=33577"},"modified":"2025-03-19T12:14:19","modified_gmt":"2025-03-19T11:14:19","slug":"datenschutzerklaerung","status":"publish","type":"page","link":"https:\/\/www.bthv.de\/blog\/datenschutzerklaerung","title":{"rendered":"Datenschutzerkl\u00e4rung"},"content":{"rendered":"<p><strong><big>Datenschutzerkl\u00e4rung<\/big><\/strong><\/p>\n<h2><strong>Allgemeiner Hinweis und Pflichtinformationen<\/strong><\/h2>\n<h2><strong>Benennung der verantwortlichen Stelle<\/strong><\/h2>\n<p>Die verantwortliche Stelle f\u00fcr die Datenverarbeitung auf dieser Website ist:<\/p>\n<p><span id=\"s3-t-firma\">Bonner Tennis- und Hockeyverein e.V.<\/span><br \/>\nTel.: 0228\/238529<br \/>\nE-Mail: info@bthv.de<br \/>\n<span id=\"s3-t-strasse\">Christian-Miesen-Stra\u00dfe 1<\/span><br \/>\n<span id=\"s3-t-plz\">53129<\/span> <span id=\"s3-t-ort\">Bonn<\/span><\/p>\n<p>vertreten durch den Vorstand, dieser vertreten durch:<br \/>\nVorsitzender: Thomas Graner<br \/>\nStellv. Vorsitzende: Thomas Schmitz<\/p>\n<p>Die verantwortliche Stelle entscheidet allein oder gemeinsam mit anderen \u00fcber die Zwecke und Mittel der Verarbeitung von personenbezogenen Daten (z.B. Namen, Kontaktdaten o. \u00c4.).<\/p>\n<h2><strong>Widerruf Ihrer Einwilligung zur Datenverarbeitung<\/strong><\/h2>\n<p>Nur mit Ihrer ausdr\u00fccklichen Einwilligung sind einige Vorg\u00e4nge der Datenverarbeitung m\u00f6glich. Ein Widerruf Ihrer bereits erteilten Einwilligung ist jederzeit m\u00f6glich. F\u00fcr den Widerruf gen\u00fcgt eine formlose Mitteilung per E-Mail. Die Rechtm\u00e4\u00dfigkeit der bis zum Widerruf erfolgten Datenverarbeitung bleibt vom Widerruf unber\u00fchrt.<\/p>\n<h2><strong>Recht auf Beschwerde bei der zust\u00e4ndigen Aufsichtsbeh\u00f6rde<\/strong><\/h2>\n<p>Als Betroffener steht Ihnen im Falle eines datenschutzrechtlichen Versto\u00dfes ein Beschwerderecht bei der zust\u00e4ndigen Aufsichtsbeh\u00f6rde zu. Zust\u00e4ndige Aufsichtsbeh\u00f6rde bez\u00fcglich datenschutzrechtlicher Fragen ist der Landesdatenschutzbeauftragte des Bundeslandes, in dem sich der Sitz unseres Unternehmens befindet. Der folgende Link stellt eine Liste der Datenschutzbeauftragten sowie deren Kontaktdaten bereit: <a href=\"https:\/\/www.bfdi.bund.de\/DE\/Infothek\/Anschriften_Links\/anschriften_links-node.html\" target=\"_blank\" rel=\"noopener noreferrer\">https:\/\/www.bfdi.bund.de\/DE\/Infothek\/Anschriften_Links\/anschriften_links-node.html<\/a>.<\/p>\n<h2><strong>Recht auf Daten\u00fcbertragbarkeit<\/strong><\/h2>\n<p>Ihnen steht das Recht zu, Daten, die wir auf Grundlage Ihrer Einwilligung oder in Erf\u00fcllung eines Vertrags automatisiert verarbeiten, an sich oder an Dritte aush\u00e4ndigen zu lassen. Die Bereitstellung erfolgt in einem maschinenlesbaren Format. Sofern Sie die direkte \u00dcbertragung der Daten an einen anderen Verantwortlichen verlangen, erfolgt dies nur, soweit es technisch machbar ist.<\/p>\n<h2><strong>Recht auf Auskunft, Berichtigung, Sperrung, L\u00f6schung<\/strong><\/h2>\n<p>Sie haben jederzeit im Rahmen der geltenden gesetzlichen Bestimmungen das Recht auf unentgeltliche Auskunft \u00fcber Ihre gespeicherten personenbezogenen Daten, Herkunft der Daten, deren Empf\u00e4nger und den Zweck der Datenverarbeitung und ggf. ein Recht auf Berichtigung, Sperrung oder L\u00f6schung dieser Daten. Diesbez\u00fcglich und auch zu weiteren Fragen zum Thema personenbezogene Daten k\u00f6nnen Sie sich jederzeit \u00fcber die im Impressum aufgef\u00fchrten Kontaktm\u00f6glichkeiten an uns wenden.<\/p>\n<h2><strong>SSL- bzw. TLS-Verschl\u00fcsselung<\/strong><\/h2>\n<p>Aus Sicherheitsgr\u00fcnden und zum Schutz der \u00dcbertragung vertraulicher Inhalte, die Sie an uns als Seitenbetreiber senden, nutzt unsere Website eine SSL-bzw. TLS-Verschl\u00fcsselung. Damit sind Daten, die Sie \u00fcber diese Website \u00fcbermitteln, f\u00fcr Dritte nicht mitlesbar. Sie erkennen eine verschl\u00fcsselte Verbindung an der \u201ehttps:\/\/\u201c Adresszeile Ihres Browsers und am Schloss-Symbol in der Browserzeile.<\/p>\n<h2><strong>Speicherdauer von Beitr\u00e4gen und Kommentaren<\/strong><\/h2>\n<p>Beitr\u00e4ge und Kommentare sowie damit in Verbindung stehende Daten, wie beispielsweise IP-Adressen, werden gespeichert. Der Inhalt verbleibt auf unserer Website, bis er vollst\u00e4ndig gel\u00f6scht wurde oder aus rechtlichen Gr\u00fcnden gel\u00f6scht werden musste.<\/p>\n<p>Die Speicherung der Beitr\u00e4ge und Kommentare erfolgt auf Grundlage Ihrer Einwilligung (Art. 6 Abs. 1 lit. a DSGVO). Ein Widerruf Ihrer bereits erteilten Einwilligung ist jederzeit m\u00f6glich. F\u00fcr den Widerruf gen\u00fcgt eine formlose Mitteilung per E-Mail. Die<br \/>\nRechtm\u00e4\u00dfigkeit bereits erfolgter Datenverarbeitungsvorg\u00e4nge bleibt vom Widerruf unber\u00fchrt.<\/p>\n<h2><strong>Newsletter-Daten<\/strong><\/h2>\n<p>Zum Versenden unseres Newsletters ben\u00f6tigen wir von Ihnen eine E-Mail-Adresse. Eine Verifizierung der angegebenen E-Mail-Adresse ist notwendig und der Empfang des Newsletters ist einzuwilligen. Erg\u00e4nzende Daten werden nicht erhoben oder sind freiwillig.<br \/>\nDie Verwendung der Daten erfolgt ausschlie\u00dflich f\u00fcr den Versand des Newsletters.<\/p>\n<p>Die bei der Newsletteranmeldung gemachten Daten werden ausschlie\u00dflich auf Grundlage Ihrer Einwilligung (Art. 6 Abs. 1 lit. a DSGVO) verarbeitet. Ein Widerruf Ihrer bereits erteilten Einwilligung ist jederzeit m\u00f6glich. F\u00fcr den Widerruf gen\u00fcgt eine formlose<br \/>\nMitteilung per E-Mail oder Sie melden sich \u00fcber den &#8220;Austragen&#8221;-Link im Newsletter ab. Die Rechtm\u00e4\u00dfigkeit der bereits erfolgten Datenverarbeitungsvorg\u00e4nge bleibt vom Widerruf unber\u00fchrt.<\/p>\n<p>Zur Einrichtung des Abonnements eingegebene Daten werden im Falle der Abmeldung gel\u00f6scht. Sollten diese Daten f\u00fcr andere Zwecke und an anderer Stelle an uns \u00fcbermittelt worden sein, verbleiben diese weiterhin bei uns.<\/p>\n<h2><strong>YouTube<\/strong><\/h2>\n<p>F\u00fcr Integration und Darstellung von Videoinhalten nutzt unsere Website Plugins von YouTube. Anbieter des Videoportals ist die YouTube, LLC, 901 Cherry Ave., San Bruno, CA 94066, USA.<\/p>\n<p>Bei Aufruf einer Seite mit integriertem YouTube-Plugin wird eine Verbindung zu den Servern von YouTube hergestellt. YouTube erf\u00e4hrt hierdurch, welche unserer Seiten Sie aufgerufen haben.<\/p>\n<p>YouTube kann Ihr Surfverhalten direkt Ihrem pers\u00f6nlichen Profil zuzuordnen, sollten Sie in Ihrem YouTube Konto eingeloggt sein. Durch vorheriges Ausloggen haben Sie die M\u00f6glichkeit, dies zu unterbinden.<\/p>\n<p>Die Nutzung von YouTube erfolgt im Interesse einer ansprechenden Darstellung unserer Online-Angebote. Dies stellt ein berechtigtes Interesse im Sinne von Art. 6 Abs. 1 lit. f DSGVO dar.<\/p>\n<p>Einzelheiten zum Umgang mit Nutzerdaten finden Sie in der Datenschutzerkl\u00e4rung von YouTube unter: <a href=\"https:\/\/www.google.de\/intl\/de\/policies\/privacy\">https:\/\/www.google.de\/intl\/de\/policies\/privacy<\/a>.<\/p>\n<h2><strong>Vimeo<\/strong><\/h2>\n<p>F\u00fcr Integration und Darstellung von Videoinhalten nutzt unsere Website Plugins von Vimeo. Anbieter des Videoportals ist die Vimeo Inc., 555 West 18th Street, New York, New York 10011, USA.<\/p>\n<p>Bei Aufruf einer Seite mit integriertem Vimeo-Plugin wird eine Verbindung zu den Servern von Vimeo hergestellt. Vimeo erf\u00e4hrt hierdurch, welche unserer Seiten Sie aufgerufen haben. Vimeo erf\u00e4hrt Ihre IP-Adresse, selbst wenn Sie nicht beim Videoportal<br \/>\neingeloggt sind oder dort kein Konto besitzen. Es erfolgt eine \u00dcbermittlung der von Vimeo erfassten Informationen an Server des Videoportals in den USA.<\/p>\n<p>Vimeo kann Ihr Surfverhalten direkt Ihrem pers\u00f6nlichen Profil zuordnen. Durch vorheriges Ausloggen haben Sie die M\u00f6glichkeit, dies zu unterbinden.<\/p>\n<p>Einzelheiten zum Umgang mit Nutzerdaten finden Sie in der Datenschutzerkl\u00e4rung von Vimeo unter: <a href=\"https:\/\/vimeo.com\/privacy\">https:\/\/vimeo.com\/privacy<\/a>.<\/p>\n<h2><strong>Verwendung von Google Maps<\/strong><\/h2>\n<p>Diese Webseite verwendet Google Maps API, um geographische Informationen visuell darzustellen. Bei der Nutzung von Google Maps werden von Google auch Daten \u00fcber die Nutzung der Kartenfunktionen durch Besucher erhoben, verarbeitet und genutzt. N\u00e4here Informationen \u00fcber die Datenverarbeitung durch Google k\u00f6nnen Sie <a href=\"http:\/\/www.google.com\/privacypolicy.html\" target=\"_blank\" rel=\"noopener noreferrer\">den Google-Datenschutzhinweisen<\/a> entnehmen. Dort k\u00f6nnen Sie im Datenschutzcenter auch Ihre pers\u00f6nlichen Datenschutz-Einstellungen ver\u00e4ndern.<\/p>\n<p>Ausf\u00fchrliche Anleitungen zur Verwaltung der eigenen Daten im Zusammenhang mit Google-Produkten<a href=\"http:\/\/www.dataliberation.org\/\" target=\"_blank\" rel=\"noopener noreferrer\"> finden Sie hier<\/a>.<\/p>\n<h2><strong>Cookies<\/strong><\/h2>\n<p>Unsere Website verwendet Cookies. Das sind kleine Textdateien, die Ihr Webbrowser auf Ihrem Endger\u00e4t speichert. Cookies helfen uns dabei, unser Angebot nutzerfreundlicher, effektiver und sicherer zu machen.<\/p>\n<p>Einige Cookies sind \u201cSession-Cookies.\u201d Solche Cookies werden nach Ende Ihrer Browser-Sitzung von selbst gel\u00f6scht. Hingegen bleiben andere Cookies auf Ihrem Endger\u00e4t bestehen, bis Sie diese selbst l\u00f6schen. Solche Cookies helfen uns, Sie bei R\u00fcckkehr auf<br \/>\nunserer Website wiederzuerkennen.<\/p>\n<p>Mit einem modernen Webbrowser k\u00f6nnen Sie das Setzen von Cookies \u00fcberwachen, einschr\u00e4nken oder unterbinden. Viele Webbrowser lassen sich so konfigurieren, dass Cookies mit dem Schlie\u00dfen des Programms von selbst gel\u00f6scht werden. Die Deaktivierung von Cookies<br \/>\nkann eine eingeschr\u00e4nkte Funktionalit\u00e4t unserer Website zur Folge haben.<\/p>\n<p>Das Setzen von Cookies, die zur Aus\u00fcbung elektronischer Kommunikationsvorg\u00e4nge oder der Bereitstellung bestimmter, von Ihnen erw\u00fcnschter Funktionen (z.B. Warenkorb) notwendig sind, erfolgt auf Grundlage von Art. 6 Abs. 1 lit. f DSGVO. Als Betreiber dieser<br \/>\nWebsite haben wir ein berechtigtes Interesse an der Speicherung von Cookies zur technisch fehlerfreien und reibungslosen Bereitstellung unserer Dienste. Sofern die Setzung anderer Cookies (z.B. f\u00fcr Analyse-Funktionen) erfolgt, werden diese in dieser<br \/>\nDatenschutzerkl\u00e4rung separat behandelt.<\/p>\n<h2><strong>Onlineanmeldungen<\/strong><\/h2>\n<p>M\u00f6chten Sie an einem Training oder Feriencamp teilnehmen oder eine dritte Person hierf\u00fcr anmelden und f\u00fcllen hierzu eine unserer Onlineanmeldungen aus, erteilen Sie uns zum Zwecke der Teilnahme an der jeweiligen Veranstaltung Ihre freiwillige Einwilligung zur Speicherung undVerarbeitung Ihrer personenbezogenen Daten. Die erhobenen Daten dienen der Kontrolle der eventuellen Mitgliedschaft, Abrechnungszwekcken, Kontaktaufnahme und der Einteilung entsprechender Leistungsgruppen.<\/p>\n<p>Die Verarbeitung der in die Onlineanmeldungen eingegebenen Daten erfolgt ausschlie\u00dflich auf Grundlage Ihrer Einwilligung (Art. 6 Abs. 1 lit. a DSGVO). Ein Widerruf Ihrer bereits erteilten Einwilligung ist jederzeit m\u00f6glich. F\u00fcr den Widerruf gen\u00fcgt eine formlose Mitteilung per E-Mail. Die Rechtm\u00e4\u00dfigkeit der bis zum Widerruf erfolgten Datenverarbeitungsvorg\u00e4nge bleibt vom Widerruf unber\u00fchrt.<\/p>\n<p>\u00dcber die Onlineanmeldung \u00fcbermittelte Daten verbleiben bei uns, bis Sie uns zur L\u00f6schung auffordern, Ihre Einwilligung zur Speicherung widerrufen oder keine Notwendigkeit der Datenspeicherung mehr besteht. Zwingende gesetzliche Bestimmungen &#8211; insbesondere Aufbewahrungsfristen &#8211; bleiben unber\u00fchrt.<\/p>\n<p><strong>Datenschutzbestimmungen zu Einsatz und Verwendung des Yolawo-Buchungssystems<\/strong><\/p>\n<p>Diese Webseite benutzt das Buchungssystem der Yolawo GmbH (\u201eYolawo\u201c). Yolawo ist eine Buchungssoftware, die es dem Bonner Tennis- und Hockeyverein e.V erm\u00f6glicht, Online-Anmeldungen und -Bezahlungen f\u00fcr seine Sportangebote \u00fcber diese Webseite abzuwickeln. Daher wird beim Besuch derjenigen Unterseiten dieser Webseite, die das Yolawo-Buchungssystem eingebettet haben, eine direkte Verbindung zu den Yolawo-Servern hergestellt. Da die Nutzung des Yolawo-Buchungssystems im Interesse einer nutzerfreundlichen Online-Buchung erfolgt, besteht ein berechtigtes Interesse im Sinne von Art. 6 Abs. 1 lit. f DSGVO. Alle personenbezogenen Daten, die bei einer Anmeldung \u00fcber das Yolawo-Buchungssystem eingegeben werden, werden somit auch an Yolawo \u00fcbermittelt. Wir haben mit Yolawo eine vertragliche Vereinbarung zur Verarbeitung der Daten i.S.d. Art. 28 DSGVO abgeschlossen. Yolawo und seine Dienstleistungspartner (z. B. der zertifizierte Zahldienstleister Stripe Payments Europe, Ltd., 1 Grand Canal Street Lower, Grand Canal Dock, Dublin, Irland) nutzen diese Daten ausschlie\u00dflich dazu, die eingegangen Buchungen und Bezahlungen im Auftrag des [SV Mustervereins] abzuwickeln. Es wird somit sichergestellt, dass weder Yolawo noch Dritte die Daten f\u00fcr andere Zwecke als f\u00fcr die Abwicklung der Buchungen nutzen d\u00fcrfen.<\/p>\n","protected":false},"excerpt":{"rendered":"<p>Datenschutzerkl\u00e4rung Allgemeiner Hinweis und Pflichtinformationen Benennung der verantwortlichen Stelle Die verantwortliche Stelle f\u00fcr die Datenverarbeitung auf dieser Website ist: Bonner Tennis- und Hockeyverein e.V. Tel.: 0228\/238529 E-Mail: info@bthv.de Christian-Miesen-Stra\u00dfe 1 53129 Bonn vertreten durch den Vorstand, dieser vertreten durch: Vorsitzender: &hellip; <a href=\"https:\/\/www.bthv.de\/blog\/datenschutzerklaerung\">Weiterlesen <span class=\"meta-nav\">&rarr;<\/span><\/a><\/p>\n","protected":false},"author":27,"featured_media":0,"parent":0,"menu_order":0,"comment_status":"closed","ping_status":"closed","template":"","meta":{"ngg_post_thumbnail":0,"footnotes":""},"class_list":["post-33577","page","type-page","status-publish","hentry"],"_links":{"self":[{"href":"https:\/\/www.bthv.de\/blog\/wp-json\/wp\/v2\/pages\/33577","targetHints":{"allow":["GET"]}}],"collection":[{"href":"https:\/\/www.bthv.de\/blog\/wp-json\/wp\/v2\/pages"}],"about":[{"href":"https:\/\/www.bthv.de\/blog\/wp-json\/wp\/v2\/types\/page"}],"author":[{"embeddable":true,"href":"https:\/\/www.bthv.de\/blog\/wp-json\/wp\/v2\/users\/27"}],"replies":[{"embeddable":true,"href":"https:\/\/www.bthv.de\/blog\/wp-json\/wp\/v2\/comments?post=33577"}],"version-history":[{"count":5,"href":"https:\/\/www.bthv.de\/blog\/wp-json\/wp\/v2\/pages\/33577\/revisions"}],"predecessor-version":[{"id":77581,"href":"https:\/\/www.bthv.de\/blog\/wp-json\/wp\/v2\/pages\/33577\/revisions\/77581"}],"wp:attachment":[{"href":"https:\/\/www.bthv.de\/blog\/wp-json\/wp\/v2\/media?parent=33577"}],"curies":[{"name":"wp","href":"https:\/\/api.w.org\/{rel}","templated":true}]}}