{"id":32057,"date":"2018-03-01T22:01:34","date_gmt":"2018-03-01T21:01:34","guid":{"rendered":"http:\/\/www.bthv.de\/blog\/?page_id=32057"},"modified":"2018-03-01T23:10:13","modified_gmt":"2018-03-01T22:10:13","slug":"bthv-mini-club-trainingskonzept","status":"publish","type":"page","link":"https:\/\/www.bthv.de\/blog\/bthv-mini-club-trainingskonzept","title":{"rendered":"BTHV Mini Club Trainingskonzept"},"content":{"rendered":"<div id=\"pl-32057\"  class=\"panel-layout\" >\n<div id=\"pg-32057-0\"  class=\"panel-grid panel-no-style\" >\n<div id=\"pgc-32057-0-0\"  class=\"panel-grid-cell\" >\n<div id=\"panel-32057-0-0-0\" class=\"so-panel widget widget_sow-editor panel-first-child panel-last-child\" data-index=\"0\" >\n<div\n\t\t\t\n\t\t\tclass=\"so-widget-sow-editor so-widget-sow-editor-base\"\n\t\t\t\n\t\t><\/p>\n<div class=\"siteorigin-widget-tinymce textwidget\">\n<p>Die Minis des BTHV sollen spielerisch an den Hockeysport herangef\u00fchrt werden. Der Spa\u00df steht hierbei im Vordergrund.<\/p>\n<p>Im Einzelnen wollen wir folgende \u201ek\u00f6rperlichen\u201c Schwerpunkte f\u00f6rdern:<\/p>\n<ul>\n<li>verschiedene Bewegungsformen<\/li>\n<li>Koordination<\/li>\n<li>Beweglichkeit<\/li>\n<\/ul>\n<p><a href=\"https:\/\/www.bthv.de\/blog\/wp-content\/uploads\/2018\/03\/BTHV_MiniClub9-1.jpg\" rel=\"lightbox[32057]\"><img loading=\"lazy\" decoding=\"async\" class=\"alignnone size-large wp-image-32080\" src=\"https:\/\/www.bthv.de\/blog\/wp-content\/uploads\/2018\/03\/BTHV_MiniClub9-1-1024x682.jpg\" alt=\"\" width=\"584\" height=\"389\" srcset=\"https:\/\/www.bthv.de\/blog\/wp-content\/uploads\/2018\/03\/BTHV_MiniClub9-1-1024x682.jpg 1024w, https:\/\/www.bthv.de\/blog\/wp-content\/uploads\/2018\/03\/BTHV_MiniClub9-1-300x200.jpg 300w, https:\/\/www.bthv.de\/blog\/wp-content\/uploads\/2018\/03\/BTHV_MiniClub9-1-768x512.jpg 768w, https:\/\/www.bthv.de\/blog\/wp-content\/uploads\/2018\/03\/BTHV_MiniClub9-1-450x300.jpg 450w, https:\/\/www.bthv.de\/blog\/wp-content\/uploads\/2018\/03\/BTHV_MiniClub9-1-272x182.jpg 272w, https:\/\/www.bthv.de\/blog\/wp-content\/uploads\/2018\/03\/BTHV_MiniClub9-1.jpg 2000w\" sizes=\"auto, (max-width: 584px) 100vw, 584px\" \/><\/a><\/p>\n<p>Hockeyspezifische Schwerpunkte sind:<\/p>\n<ul>\n<li>Wie halte ich den Schl\u00e4ger?<\/li>\n<li>Lauf- und Ballwege rechts und links, vorne und hinten<\/li>\n<li>Ballf\u00fchrung<\/li>\n<li>erste Turniererfahrungen<\/li>\n<\/ul>\n<p><a href=\"https:\/\/www.bthv.de\/blog\/wp-content\/uploads\/2018\/03\/BTHV_MiniClub2.jpg\" rel=\"lightbox[32057]\"><img loading=\"lazy\" decoding=\"async\" class=\"alignnone size-large wp-image-32079\" src=\"https:\/\/www.bthv.de\/blog\/wp-content\/uploads\/2018\/03\/BTHV_MiniClub2-1024x682.jpg\" alt=\"\" width=\"584\" height=\"389\" srcset=\"https:\/\/www.bthv.de\/blog\/wp-content\/uploads\/2018\/03\/BTHV_MiniClub2-1024x682.jpg 1024w, https:\/\/www.bthv.de\/blog\/wp-content\/uploads\/2018\/03\/BTHV_MiniClub2-300x200.jpg 300w, https:\/\/www.bthv.de\/blog\/wp-content\/uploads\/2018\/03\/BTHV_MiniClub2-768x512.jpg 768w, https:\/\/www.bthv.de\/blog\/wp-content\/uploads\/2018\/03\/BTHV_MiniClub2-450x300.jpg 450w, https:\/\/www.bthv.de\/blog\/wp-content\/uploads\/2018\/03\/BTHV_MiniClub2-272x182.jpg 272w, https:\/\/www.bthv.de\/blog\/wp-content\/uploads\/2018\/03\/BTHV_MiniClub2.jpg 2000w\" sizes=\"auto, (max-width: 584px) 100vw, 584px\" \/><\/a><\/p>\n<p>Das Mini-Training soll den Kindern den Spa\u00df am Sport und an Bewegung vermitteln. Nat\u00fcrlich freuen wir uns, wenn die Minis beim Hockey bleiben und nach dem \u201eHerauswachsen\u201c aus dem Mini-Bereich in den regelm\u00e4\u00dfigen Trainings- und Spielbetrieb bei den M\u00e4dchen D oder Knaben D einsteigen.<\/p>\n<p>Der \u201eSprung\u201c vom Mini zum M\u00e4dchen\/Knaben D ist aus Sicht des Kindes \u201egewaltig\u201c, da pl\u00f6tzlich das reine Hockeytraining viel mehr im Vordergrund steht. Deswegen erachten wir es als wichtig, dass die Minis in ihrem letzten Jahr im Mini-Bereich so oft wie m\u00f6glich an den Turnieren teilnehmen und erste \u201eSpielpraxis\u201c sammeln.<\/p>\n<p><a href=\"https:\/\/www.bthv.de\/blog\/wp-content\/uploads\/2018\/03\/BTHV_MiniClub6.jpg\" rel=\"lightbox[32057]\"><img loading=\"lazy\" decoding=\"async\" class=\"alignnone size-large wp-image-32081\" src=\"https:\/\/www.bthv.de\/blog\/wp-content\/uploads\/2018\/03\/BTHV_MiniClub6-1024x682.jpg\" alt=\"\" width=\"584\" height=\"389\" srcset=\"https:\/\/www.bthv.de\/blog\/wp-content\/uploads\/2018\/03\/BTHV_MiniClub6-1024x682.jpg 1024w, https:\/\/www.bthv.de\/blog\/wp-content\/uploads\/2018\/03\/BTHV_MiniClub6-300x200.jpg 300w, https:\/\/www.bthv.de\/blog\/wp-content\/uploads\/2018\/03\/BTHV_MiniClub6-768x512.jpg 768w, https:\/\/www.bthv.de\/blog\/wp-content\/uploads\/2018\/03\/BTHV_MiniClub6-450x300.jpg 450w, https:\/\/www.bthv.de\/blog\/wp-content\/uploads\/2018\/03\/BTHV_MiniClub6-272x182.jpg 272w, https:\/\/www.bthv.de\/blog\/wp-content\/uploads\/2018\/03\/BTHV_MiniClub6.jpg 2000w\" sizes=\"auto, (max-width: 584px) 100vw, 584px\" \/><\/a><\/p>\n<\/div>\n<\/div>\n<\/div>\n<\/div>\n<\/div>\n<\/div>\n","protected":false},"excerpt":{"rendered":"<p>Die Minis des BTHV sollen spielerisch an den Hockeysport herangef\u00fchrt werden. Der Spa\u00df steht hierbei im Vordergrund. Im Einzelnen wollen wir folgende \u201ek\u00f6rperlichen\u201c Schwerpunkte f\u00f6rdern: verschiedene Bewegungsformen Koordination Beweglichkeit Hockeyspezifische Schwerpunkte sind: Wie halte ich den Schl\u00e4ger? Lauf- und Ballwege &hellip; <a href=\"https:\/\/www.bthv.de\/blog\/bthv-mini-club-trainingskonzept\">Weiterlesen <span class=\"meta-nav\">&rarr;<\/span><\/a><\/p>\n","protected":false},"author":20,"featured_media":0,"parent":0,"menu_order":0,"comment_status":"closed","ping_status":"closed","template":"","meta":{"ngg_post_thumbnail":0,"footnotes":""},"class_list":["post-32057","page","type-page","status-publish","hentry"],"_links":{"self":[{"href":"https:\/\/www.bthv.de\/blog\/wp-json\/wp\/v2\/pages\/32057","targetHints":{"allow":["GET"]}}],"collection":[{"href":"https:\/\/www.bthv.de\/blog\/wp-json\/wp\/v2\/pages"}],"about":[{"href":"https:\/\/www.bthv.de\/blog\/wp-json\/wp\/v2\/types\/page"}],"author":[{"embeddable":true,"href":"https:\/\/www.bthv.de\/blog\/wp-json\/wp\/v2\/users\/20"}],"replies":[{"embeddable":true,"href":"https:\/\/www.bthv.de\/blog\/wp-json\/wp\/v2\/comments?post=32057"}],"version-history":[{"count":2,"href":"https:\/\/www.bthv.de\/blog\/wp-json\/wp\/v2\/pages\/32057\/revisions"}],"predecessor-version":[{"id":32082,"href":"https:\/\/www.bthv.de\/blog\/wp-json\/wp\/v2\/pages\/32057\/revisions\/32082"}],"wp:attachment":[{"href":"https:\/\/www.bthv.de\/blog\/wp-json\/wp\/v2\/media?parent=32057"}],"curies":[{"name":"wp","href":"https:\/\/api.w.org\/{rel}","templated":true}]}}