{"id":32054,"date":"2018-03-01T22:27:53","date_gmt":"2018-03-01T21:27:53","guid":{"rendered":"http:\/\/www.bthv.de\/blog\/?page_id=32054"},"modified":"2026-02-22T22:34:32","modified_gmt":"2026-02-22T21:34:32","slug":"bthv-mini-club-neu","status":"publish","type":"page","link":"https:\/\/www.bthv.de\/blog\/bthv-mini-club-neu","title":{"rendered":"BTHV Mini Club"},"content":{"rendered":"<div id=\"pl-32054\"  class=\"panel-layout\" >\n<div id=\"pg-32054-0\"  class=\"panel-grid panel-no-style\" >\n<div id=\"pgc-32054-0-0\"  class=\"panel-grid-cell\" >\n<div id=\"panel-32054-0-0-0\" class=\"so-panel widget widget_sow-editor panel-first-child panel-last-child\" data-index=\"0\" >\n<div\n\t\t\t\n\t\t\tclass=\"so-widget-sow-editor so-widget-sow-editor-base\"\n\t\t\t\n\t\t><\/p>\n<div class=\"siteorigin-widget-tinymce textwidget\">\n<p>Der BTHV bietet bereits f\u00fcr den Mini-Bereich (M\u00e4dchen und Jungen im Alter von 3-6 Jahren) eine Trainingsm\u00f6glichkeit.&nbsp;<\/p>\n<p><a href=\"https:\/\/www.bthv.de\/blog\/bthv-mini-club-neu\/attachment\/mini2-2\" rel=\"attachment wp-att-58309\"><img loading=\"lazy\" decoding=\"async\" class=\"alignleft size-full wp-image-58309\" src=\"https:\/\/www.bthv.de\/blog\/wp-content\/uploads\/2023\/03\/Mini2.jpg\" alt=\"\" width=\"1024\" height=\"768\" srcset=\"https:\/\/www.bthv.de\/blog\/wp-content\/uploads\/2023\/03\/Mini2.jpg 1024w, https:\/\/www.bthv.de\/blog\/wp-content\/uploads\/2023\/03\/Mini2-300x225.jpg 300w, https:\/\/www.bthv.de\/blog\/wp-content\/uploads\/2023\/03\/Mini2-768x576.jpg 768w, https:\/\/www.bthv.de\/blog\/wp-content\/uploads\/2023\/03\/Mini2-400x300.jpg 400w\" sizes=\"auto, (max-width: 1024px) 100vw, 1024px\" \/><\/a><\/p>\n<p>&nbsp;<\/p>\n<p>&nbsp;<\/p>\n<p>Den Leitfaden gibt es hier zum Download:<\/p>\n<p><a href=\"https:\/\/www.bthv.de\/blog\/wp-content\/uploads\/2026\/02\/MiniTrainingLeitfaden_Februar-2026.pdf\" class=\"pdfemb-viewer\" style=\"\" data-width=\"max\" data-height=\"max\" data-mobile-width=\"500\"  data-scrollbar=\"none\" data-download=\"on\" data-tracking=\"on\" data-newwindow=\"on\" data-pagetextbox=\"off\" data-scrolltotop=\"off\" data-startzoom=\"100\" data-startfpzoom=\"100\" data-toolbar=\"bottom\" data-toolbar-fixed=\"off\">MiniTrainingLeitfaden_Februar 2026<br \/><\/a><\/p>\n<p>Nach den 3 m\u00f6glichen Schnupperterminen muss eine Anmeldung vorgenommen werden.<br \/>\nDaf\u00fcr ben\u00f6tigen wir folgende ausgef\u00fcllten Formulare (Mini Club Hockey):&nbsp;<\/p>\n<ul>\n<li><a href=\"https:\/\/www.bthv.de\/blog\/wp-content\/uploads\/2024\/02\/Aufnahmeantrag-Bonner-Tennis-und-Hockeyverein-1903_aktualisiert_09_02_24.pdf\" target=\"_blank\" rel=\"noopener\">Mini-Club-Aufnahmeantrag<\/a><\/li>\n<li><a href=\"https:\/\/www.bthv.de\/blog\/wp-content\/uploads\/2020\/08\/dsgvo.pdf\" target=\"_blank\" rel=\"noopener\">Datenschutzerkl\u00e4rung<\/a><\/li>\n<\/ul>\n<p>Sprechen Sie uns gerne pers\u00f6nlich an.<br \/>\nBTHV Mini Club Team <a href=\"\/blog\/wp-content\/Email_Adressen\/EmailHockeyMiniclub.php\">(Nachricht schreiben)<\/a><\/p>\n<p>&nbsp;<\/p>\n<\/div>\n<\/div>\n<\/div>\n<\/div>\n<\/div>\n<\/div>\n","protected":false},"excerpt":{"rendered":"<p>Der BTHV bietet bereits f\u00fcr den Mini-Bereich (M\u00e4dchen und Jungen im Alter von 3-6 Jahren) eine Trainingsm\u00f6glichkeit.&nbsp; &nbsp; &nbsp; Den Leitfaden gibt es hier zum Download: Nach den 3 m\u00f6glichen Schnupperterminen muss eine Anmeldung vorgenommen werden. Daf\u00fcr ben\u00f6tigen wir folgende &hellip; <a href=\"https:\/\/www.bthv.de\/blog\/bthv-mini-club-neu\">Weiterlesen <span class=\"meta-nav\">&rarr;<\/span><\/a><\/p>\n","protected":false},"author":20,"featured_media":0,"parent":0,"menu_order":0,"comment_status":"closed","ping_status":"closed","template":"","meta":{"ngg_post_thumbnail":0,"footnotes":""},"class_list":["post-32054","page","type-page","status-publish","hentry"],"_links":{"self":[{"href":"https:\/\/www.bthv.de\/blog\/wp-json\/wp\/v2\/pages\/32054","targetHints":{"allow":["GET"]}}],"collection":[{"href":"https:\/\/www.bthv.de\/blog\/wp-json\/wp\/v2\/pages"}],"about":[{"href":"https:\/\/www.bthv.de\/blog\/wp-json\/wp\/v2\/types\/page"}],"author":[{"embeddable":true,"href":"https:\/\/www.bthv.de\/blog\/wp-json\/wp\/v2\/users\/20"}],"replies":[{"embeddable":true,"href":"https:\/\/www.bthv.de\/blog\/wp-json\/wp\/v2\/comments?post=32054"}],"version-history":[{"count":15,"href":"https:\/\/www.bthv.de\/blog\/wp-json\/wp\/v2\/pages\/32054\/revisions"}],"predecessor-version":[{"id":81181,"href":"https:\/\/www.bthv.de\/blog\/wp-json\/wp\/v2\/pages\/32054\/revisions\/81181"}],"wp:attachment":[{"href":"https:\/\/www.bthv.de\/blog\/wp-json\/wp\/v2\/media?parent=32054"}],"curies":[{"name":"wp","href":"https:\/\/api.w.org\/{rel}","templated":true}]}}