{"id":2245,"date":"2012-03-09T09:16:05","date_gmt":"2012-03-09T09:16:05","guid":{"rendered":"http:\/\/www.bthv.de\/blog\/?page_id=2245"},"modified":"2025-03-19T12:11:47","modified_gmt":"2025-03-19T11:11:47","slug":"impressum","status":"publish","type":"page","link":"https:\/\/www.bthv.de\/blog\/kontakt\/impressum","title":{"rendered":"Impressum des BTHV"},"content":{"rendered":"<div style=\"text-align: left;\">\n<p><strong>&nbsp;<\/strong><\/p>\n<table border=\"1\" width=\"584\" cellspacing=\"0\" cellpadding=\"0\">\n<tbody>\n<tr style=\"height: 48px;\">\n<td style=\"height: 48px; width: 282px;\" valign=\"top\"><strong>Name des Anbieters\/Rechtsform<\/strong><\/td>\n<td style=\"height: 48px; width: 282px;\" valign=\"top\">Bonner Tennis- und Hockeyverein e.V. (BTHV)<\/td>\n<\/tr>\n<tr style=\"height: 48px;\">\n<td style=\"height: 48px; width: 282px;\" valign=\"top\"><strong>Anschrift<\/strong><br \/>\n<strong>&nbsp;<\/strong><\/td>\n<td style=\"height: 48px; width: 282px;\" valign=\"top\">Christian-Miesen-Str. 1<br \/>\n53129 Bonn<\/td>\n<\/tr>\n<tr style=\"height: 73px;\">\n<td style=\"height: 73px; width: 282px;\" valign=\"top\"><strong>Vertretungsberechtigte<\/strong><\/td>\n<td style=\"height: 73px; width: 282px;\" valign=\"top\">Vertreten durch den Vorstand, dieser vertreten durch den Vorstandsvorsitzenden Thomas Graner<\/td>\n<\/tr>\n<tr style=\"height: 73px;\">\n<td style=\"height: 73px; width: 282px;\" valign=\"top\"><strong>Kommunikation<\/strong><\/td>\n<td style=\"height: 73px; width: 282px;\" valign=\"top\">Tel.: 0228\/238 529<br \/>\nFax: 0228\/232 804<br \/>\nE-Mail: <a href=\"mailto:info@bthv.de\">info@bthv.de<\/a><\/td>\n<\/tr>\n<tr style=\"height: 24px;\">\n<td style=\"height: 24px; width: 282px;\" valign=\"top\"><strong>Vereinsregister\/ Registernummer<\/strong><\/td>\n<td style=\"height: 24px; width: 282px;\" valign=\"top\">VR 2140\/ Amtsgericht Bonn<\/td>\n<\/tr>\n<tr style=\"height: 48px;\">\n<td style=\"height: 48px; width: 282px;\" valign=\"top\"><strong>Bankverbindung<\/strong><\/td>\n<td style=\"height: 48px; width: 282px;\" valign=\"top\">Sparkasse K\u00f6lnBonn, IBAN DE75 3705 0198 0000 0712 33<\/td>\n<\/tr>\n<tr style=\"height: 24px;\">\n<td style=\"height: 24px; width: 282px;\" valign=\"top\"><strong>Verantwortlicher Redakteur<\/strong><\/td>\n<td style=\"height: 24px; width: 282px;\" valign=\"top\">Kay Milner <a href=\"mailto:info@bthv.de\">info@bthv.de<\/a><\/td>\n<\/tr>\n<tr style=\"height: 268px;\">\n<td style=\"height: 268px; width: 282px;\" valign=\"top\"><strong>Urheberrecht<\/strong><strong>&nbsp;<\/strong><\/td>\n<td style=\"height: 268px; width: 282px;\" valign=\"top\">Die Ver\u00f6ffentlichungen auf diesen Seiten unterliegen dem deutschen Urheberrecht. Dies bezieht sich auf alle verwendeten Graphiken, Fotos und Texte. Vervielf\u00e4ltigung, Bearbeitung sowie jede Art der Verwendung&nbsp; au\u00dferhalb der Grenzen des Urheberrechtes bed\u00fcrfen der schriftlichen Zustimmung des Betreibers dieses Onlineangebotes. Downloads und Kopien dieser Seiten sind f\u00fcr den privaten, nichtkommerziellen Gebrauch gestattet.<\/td>\n<\/tr>\n<tr style=\"height: 121px;\">\n<td style=\"height: 121px; width: 282px;\" valign=\"top\"><strong>Haftung f\u00fcr Inhalte<\/strong><strong>&nbsp;<\/strong><\/td>\n<td style=\"height: 121px; width: 282px;\" valign=\"top\">Die Informationen dieses Angebotes sind allgemeiner und informativer Art. Trotz gr\u00f6\u00dfter, praktizierter Sorgfalt kann f\u00fcr die Richtigkeit, Vollst\u00e4ndigkeit und Aktualit\u00e4t keine Haftung \u00fcbernommen werden.<\/td>\n<\/tr>\n<tr style=\"height: 243px;\">\n<td style=\"height: 243px; width: 282px;\" valign=\"top\"><strong>Haftung f\u00fcr Links<\/strong><strong>&nbsp;<\/strong><\/td>\n<td style=\"height: 243px; width: 282px;\" valign=\"top\">Externe Verweisziele &nbsp;(&#8220;Links&#8221;)&nbsp;f\u00fchren zu Inhalten fremder Anbieter au\u00dferhalb des Verantwortungsbereiches des Betreibers. F\u00fcr m\u00f6gliche Sch\u00e4den haftet&nbsp;grunds\u00e4tzlich der Anbieter dieser Seiten, es sei denn, derjenige, der auf die entsprechende Ver\u00f6ffentlichung verweist, hat Kenntnis von den Inhalten und es w\u00e4re ihm technisch m\u00f6glich und&nbsp;zumutbar, die Nutzung im Falle rechtswidriger Inhalte zu unterbinden.<\/td>\n<\/tr>\n<tr style=\"height: 123px;\">\n<td style=\"height: 123px; width: 282px;\" valign=\"top\"><strong>initiale Gestaltung und Programmierung <\/strong><\/td>\n<td style=\"height: 123px; width: 282px;\" valign=\"top\">Die Medialen GmbH<br \/>\nColmantstra\u00dfe 39<br \/>\n53115 Bonn<br \/>\n<a href=\"mailto:info@diemedialen.de\">info(at)diemedialen.de<\/a><br \/>\n<a href=\"https:\/\/www.diemedialen.de\/\" target=\"_blank\" rel=\"noopener noreferrer\">www.diemedialen.de<\/a><\/td>\n<\/tr>\n<tr style=\"height: 58.2px;\">\n<td style=\"height: 58.2px; width: 282px;\" valign=\"top\"><strong>Pflege und technische Verantwortung<\/strong><\/td>\n<td style=\"height: 58.2px; width: 282px;\" valign=\"top\">Dirk von Jeetze<br \/>\n<a href=\"mailto:webadmin@bthv.de\">webadmin@bthv.de<\/a><\/td>\n<\/tr>\n<\/tbody>\n<\/table>\n<h2><strong>Datenschutzhinweis Internet BTHV<\/strong><\/h2>\n<p>Wir bitten alle Mitglieder um Kenntnisnahme der nachfolgenden Datenschutzordnung. F\u00fcr R\u00fcckfragen stehen wir im Bedarfsfall gerne zur Verf\u00fcgung.<\/p>\n<p>1. Mit dem Beitritt eines Mitglieds nimmt der Verein seinen Vor- und Nachnamen, seine Adresse, seine Telefonnummer, sein Geburtsdatum und seine Bankverbindung (bzgl. Lastschriftverfahren) auf. Diese Informationen werden in dem vereinseigenen EDV-System gespeichert. Jedem Vereinsmitglied wird dabei eine Mitgliedsnummer zugeordnet. Die personenbezogenen Daten werden durch geeignete technische und organisatorische Ma\u00dfnahmen vor der Kenntnisnahme Dritter gesch\u00fctzt.<\/p>\n<p>2. Als Mitglied des Landessportverbandes Nordrhein-Westfalen sowie sonstiger Fachverb\u00e4nde ist der Verein verpflichtet, seine Mitglieder an den Verband zu melden. \u00dcbermittelt werden dabei Name, Alter und Vereinsmitgliedsnummer (sonstige Daten); bei Mitgliedern mit besonderen Aufgaben (z.B. Vorstandsmitglieder) die vollst\u00e4ndige Adresse mit Telefonnummer, E-Mail-Adresse sowie der Bezeichnung ihrer Funktion im Verein. Im Rahmen von Ligaspielen oder Turnieren ist der Verein zur Vermeidung von Strafgeldern dazu verpflichtet, Ergebnisse und besondere Ereignisse an den zust\u00e4ndigen Verband zu melden.<\/p>\n<p>3. Der Vorstand macht besondere Ereignisse des Vereinslebens, insbesondere die Durchf\u00fchrung und die Ergebnisse von Punktspielen, Turnieren und Veranstaltungen in der Vereinszeitung sowie in der Presse und im Internet bekannt. Dabei k\u00f6nnen personenbezogene Mitgliederdaten (z.B. Name, Vorname, Alter, Leistungsergebnisse) und Bilder ver\u00f6ffentlicht werden. Das einzelne Mitglied kann jederzeit schriftlich gegen\u00fcber dem Vorstand einer solchen Ver\u00f6ffentlichung widersprechen. Im Falle des Widerspruches unterbleibt in Bezug auf das widersprechende Mitglied zuk\u00fcnftig eine weitere Ver\u00f6ffentlichung, mit Ausnahme von Ergebnissen aus Ligaspielen. Der schriftliche Widerspruch ist an den Vorstand des Bonner Tennis- und Hockeyverein e.V., Christian-Miesen-Str. 1, 53129 Bonn, zu richten.<\/p>\n<p>4. Der f\u00fcr die Ver\u00f6ffentlichung verantwortliche Vereinsvorstand ist dazu verpflichtet, alle Ma\u00dfnahmen zur Gew\u00e4hrleistung des Datenschutzes zu ergreifen, die durch die Umst\u00e4nde geboten erscheinen. Angesichts der besonderen Eigenschaften von Online-Verfahren (insbesondere Internet) kann dieser den Datenschutz jedoch nicht umfassend garantieren. Daher nimmt das Vereinsmitglied die Risiken f\u00fcr eine Pers\u00f6nlichkeitsverletzung zur Kenntnis und ist sich bewusst, dass die personenbezogenen Daten auch in Staaten abrufbar sind, die keine der in der Bundesrepublik Deutschland g\u00fcltigen vergleichbaren Datenschutzbestimmungen kennen, ferner ist nicht garantiert, dass die Daten vertraulich bleiben, die inhaltliche Richtigkeit fortbesteht und die Daten nicht ver\u00e4ndert werden k\u00f6nnen.<\/p>\n<h2>&nbsp;<strong>Rechtliche Hinweise<\/strong><\/h2>\n<p>Die in der Website ver\u00f6ffentlichten Informationen (Text- und Bildmaterial, Grafiken, Sound, Animationen, Videos u.\u00e4.m.) sowie deren Struktur unterliegen dem Urheberrecht des BTHV, teilweise auch dem Copyright Dritter. Ohne unser schriftliches Einverst\u00e4ndnis ist Vervielf\u00e4ltigung, Verbreitung, Wieder- und Weitergabe, Speicherung und sonstige Nutzung ausdr\u00fccklich untersagt.<\/p>\n<p>Mit dem Zugang zu diesen Informationen erteilen wir keine Erlaubnis, das Eigentum des BTHV oder Dritter zu nutzen.<\/p>\n<p>Der BTHV distanziert sich au\u00dferdem ausdr\u00fccklich von den Inhalten fremder Websites, auf die von dieser Website aus gelinkt wird, da sie hierauf keinen Einfluss aus\u00fcben k\u00f6nnen.<\/p>\n<p>&nbsp;<\/p>\n<\/div>\n","protected":false},"excerpt":{"rendered":"<p>&nbsp; Name des Anbieters\/Rechtsform Bonner Tennis- und Hockeyverein e.V. (BTHV) Anschrift &nbsp; Christian-Miesen-Str. 1 53129 Bonn Vertretungsberechtigte Vertreten durch den Vorstand, dieser vertreten durch den Vorstandsvorsitzenden Thomas Graner Kommunikation Tel.: 0228\/238 529 Fax: 0228\/232 804 E-Mail: info@bthv.de Vereinsregister\/ Registernummer VR &hellip; <a href=\"https:\/\/www.bthv.de\/blog\/kontakt\/impressum\">Weiterlesen <span class=\"meta-nav\">&rarr;<\/span><\/a><\/p>\n","protected":false},"author":4,"featured_media":0,"parent":51,"menu_order":1,"comment_status":"closed","ping_status":"closed","template":"sidebar-page.php","meta":{"ngg_post_thumbnail":0,"footnotes":""},"class_list":["post-2245","page","type-page","status-publish","hentry"],"_links":{"self":[{"href":"https:\/\/www.bthv.de\/blog\/wp-json\/wp\/v2\/pages\/2245","targetHints":{"allow":["GET"]}}],"collection":[{"href":"https:\/\/www.bthv.de\/blog\/wp-json\/wp\/v2\/pages"}],"about":[{"href":"https:\/\/www.bthv.de\/blog\/wp-json\/wp\/v2\/types\/page"}],"author":[{"embeddable":true,"href":"https:\/\/www.bthv.de\/blog\/wp-json\/wp\/v2\/users\/4"}],"replies":[{"embeddable":true,"href":"https:\/\/www.bthv.de\/blog\/wp-json\/wp\/v2\/comments?post=2245"}],"version-history":[{"count":3,"href":"https:\/\/www.bthv.de\/blog\/wp-json\/wp\/v2\/pages\/2245\/revisions"}],"predecessor-version":[{"id":77580,"href":"https:\/\/www.bthv.de\/blog\/wp-json\/wp\/v2\/pages\/2245\/revisions\/77580"}],"up":[{"embeddable":true,"href":"https:\/\/www.bthv.de\/blog\/wp-json\/wp\/v2\/pages\/51"}],"wp:attachment":[{"href":"https:\/\/www.bthv.de\/blog\/wp-json\/wp\/v2\/media?parent=2245"}],"curies":[{"name":"wp","href":"https:\/\/api.w.org\/{rel}","templated":true}]}}