{"id":1465,"date":"2012-02-25T22:02:34","date_gmt":"2012-02-25T22:02:34","guid":{"rendered":"http:\/\/www.bthv.de\/blog\/?page_id=1465"},"modified":"2019-11-23T21:44:07","modified_gmt":"2019-11-23T20:44:07","slug":"hc-chaos","status":"publish","type":"page","link":"https:\/\/www.bthv.de\/blog\/hc-chaos","title":{"rendered":"HC Chaos &#8212; Hobbymannschaft"},"content":{"rendered":"<p><a href=\"http:\/\/www.bthv.de\/blog\/wp-content\/uploads\/2018\/07\/IMG_8396.jpg\" rel=\"lightbox[1465]\"><img loading=\"lazy\" decoding=\"async\" src=\"http:\/\/www.bthv.de\/blog\/wp-content\/uploads\/2018\/07\/IMG_8396-1024x768.jpg\" alt=\"HCChaos Teamfoto\" width=\"584\" height=\"438\" class=\"alignnone size-large wp-image-34173\" srcset=\"https:\/\/www.bthv.de\/blog\/wp-content\/uploads\/2018\/07\/IMG_8396-1024x768.jpg 1024w, https:\/\/www.bthv.de\/blog\/wp-content\/uploads\/2018\/07\/IMG_8396-300x225.jpg 300w, https:\/\/www.bthv.de\/blog\/wp-content\/uploads\/2018\/07\/IMG_8396-768x576.jpg 768w, https:\/\/www.bthv.de\/blog\/wp-content\/uploads\/2018\/07\/IMG_8396-400x300.jpg 400w\" sizes=\"auto, (max-width: 584px) 100vw, 584px\" \/><\/a><br \/>\nAm Montag, 9.6.18, erschienen sage und schreibe 20 lila-wei\u00dfe Chaoten zum Elternhockeytraining auf dem Kunstrasen des BTHV. Die logische Konsequenz: Spiel auf dem Gro\u00dffeld &#8211; herrlich! <\/p>\n<p>Spielklasse Feld: &#8211;<br \/>\nSpielklasse Halle: &#8211;<\/p>\n<p>Trainingszeiten im Winter:<\/p>\n<ul>\n<li>montags 20:00&nbsp;\u2013 ca. 21:30 Uhr auf dem Kunstrasen des BTHV <\/li>\n<li>samstags 09:00&nbsp;\u2013 10:00 Uhr in der Halle des BTHV<\/li>\n<\/ul>\n<p>Wer Lust hat, bei uns mit zu trainieren, ist herzlich eingeladen, montags abends oder samstags fr\u00fch dazu zu sto\u00dfen. Wichtig dabei ist der Spa\u00df am Sport. Das Hockeyspielen bringen wir Euch bei!<\/p>\n<p>Trainer: Wolfgang Zornbach (auf dem Teamfoto in der vordersten Reihe, links)<br \/>\nMannschaftsf\u00fchrer: Jochen Pax (auf dem Teamfoto in der letzten Reihe, links im lila Trikot)<\/p>\n<hr>\n<h1>Spielberichte<\/h1>\n<ul>\n<li><a href=\"https:\/\/www.bthv.de\/blog\/hockey\/spielbericht-vom-elternhockeyturnier-in-bad-honnef\">Bericht vom Elternhockeyturnier in Bad Honnef (10.2.19)<\/a>\n<li><a href=\"https:\/\/www.bthv.de\/blog\/hockey\/elternhockeyteam-hc-chaos-bei-den-sandor-summer-open-bei-rw-koeln\">Elternhockeyturnier bei RW K\u00f6ln &#8211; ben Sandor Summer Open<\/a>\n<\/ul>\n<hr>\n<h1><strong>\u00dcber uns<\/strong><\/h1>\n<p>Die Chaoten des Bonner THV gr\u00fcndeten sich 1982 als eine der ersten Freizeithockey-Mannschaften in Deutschland. Damals waren es vor allem Tennisspieler und Eltern jugendlicher Hockeyspieler zwischen 18 und 99 Jahren, die selbst aktiv werden wollten.<\/p>\n<p>Zun\u00e4chst wurden die Chaoten argw\u00f6hnisch beobachtet und m\u00fcde bel\u00e4chelt \u2013 dann aber wegen ihrer un\u00fcbersehbaren Aktivit\u00e4ten im Verein und nicht zuletzt starken Pr\u00e4senz an der Theke schnell anerkannt.<\/p>\n<p>Zwei Jahre nach der Gr\u00fcndung fand im BTHV auf Initiative der Chaoten eine sehr erfolgreiche Urauff\u00fchrung statt: Das erste gro\u00dfe nationale Hobbyturnier f\u00fcr gemischte Hockeymannschaften \u2013 der &#8220;Happy &#8211; Chaos-Cup&#8221;.<br \/>\nSeitdem suchen die Chaoten immer wieder in verschiedenen Hobbyturnieren die sportliche Herausforderung und freundschaftliche Begegnung mit anderen Teams.<\/p>\n<p>Bei unserem w\u00f6chentlichen Training \u2013 52- mal im Jahr auf dem Feld und in der Halle &#8211; treffen sich auch heute regelm\u00e4\u00dfig 15-20 aktive und begeisterte Spieler und Spielerinnen, die sich der Devise der ersten Stunde nach wie vor verpflichtet f\u00fchlen: \u201cEs ist nie zu sp\u00e4t zu beginnen und Freude am Spiel und Fairness auf dem Feld sind oberstes Gebot.\u201c Weiterhin gilt: Alles ist m\u00f6glich und das Chaos vollkommen.<br \/>\nSo haben wir immer viel Spa\u00df und die Freude \u00fcber verpasste Torchancen ist ebenso gro\u00df wie die \u00fcber die verwandelten. Nach wie vor gilt unser Schlachtruf aus der Gr\u00fcndungszeit, mit dem wir alle gr\u00fc\u00dfen<\/p>\n<h2 style=\"text-align: center;\">HAPPY HOCKEY! HAPPY HOCKEY! HAPPY CHAOS!<\/h2>\n","protected":false},"excerpt":{"rendered":"<p>Am Montag, 9.6.18, erschienen sage und schreibe 20 lila-wei\u00dfe Chaoten zum Elternhockeytraining auf dem Kunstrasen des BTHV. Die logische Konsequenz: Spiel auf dem Gro\u00dffeld &#8211; herrlich! Spielklasse Feld: &#8211; Spielklasse Halle: &#8211; Trainingszeiten im Winter: montags 20:00&nbsp;\u2013 ca. 21:30 Uhr &hellip; <a href=\"https:\/\/www.bthv.de\/blog\/hc-chaos\">Weiterlesen <span class=\"meta-nav\">&rarr;<\/span><\/a><\/p>\n","protected":false},"author":4,"featured_media":0,"parent":0,"menu_order":0,"comment_status":"closed","ping_status":"closed","template":"sidebar-page.php","meta":{"ngg_post_thumbnail":0,"footnotes":""},"class_list":["post-1465","page","type-page","status-publish","hentry"],"_links":{"self":[{"href":"https:\/\/www.bthv.de\/blog\/wp-json\/wp\/v2\/pages\/1465","targetHints":{"allow":["GET"]}}],"collection":[{"href":"https:\/\/www.bthv.de\/blog\/wp-json\/wp\/v2\/pages"}],"about":[{"href":"https:\/\/www.bthv.de\/blog\/wp-json\/wp\/v2\/types\/page"}],"author":[{"embeddable":true,"href":"https:\/\/www.bthv.de\/blog\/wp-json\/wp\/v2\/users\/4"}],"replies":[{"embeddable":true,"href":"https:\/\/www.bthv.de\/blog\/wp-json\/wp\/v2\/comments?post=1465"}],"version-history":[{"count":2,"href":"https:\/\/www.bthv.de\/blog\/wp-json\/wp\/v2\/pages\/1465\/revisions"}],"predecessor-version":[{"id":39144,"href":"https:\/\/www.bthv.de\/blog\/wp-json\/wp\/v2\/pages\/1465\/revisions\/39144"}],"wp:attachment":[{"href":"https:\/\/www.bthv.de\/blog\/wp-json\/wp\/v2\/media?parent=1465"}],"curies":[{"name":"wp","href":"https:\/\/api.w.org\/{rel}","templated":true}]}}