{"id":12894,"date":"2014-10-26T13:49:50","date_gmt":"2014-10-26T12:49:50","guid":{"rendered":"http:\/\/www.bthv.de\/blog\/?page_id=12894"},"modified":"2015-12-03T19:58:46","modified_gmt":"2015-12-03T18:58:46","slug":"bthv-forderkreis","status":"publish","type":"page","link":"https:\/\/www.bthv.de\/blog\/bthv-forderkreis","title":{"rendered":"BTHV F\u00f6rderkreis"},"content":{"rendered":"<p><a href=\"https:\/\/www.bthv.de\/blog\/wp-content\/uploads\/2014\/10\/Foerderkreis.jpg\" rel=\"lightbox[12894]\"><img loading=\"lazy\" decoding=\"async\" class=\"alignleft size-medium wp-image-12913\" title=\"Foerderkreis\" src=\"https:\/\/www.bthv.de\/blog\/wp-content\/uploads\/2014\/10\/Foerderkreis-265x300.jpg\" alt=\"\" width=\"265\" height=\"300\" srcset=\"https:\/\/www.bthv.de\/blog\/wp-content\/uploads\/2014\/10\/Foerderkreis-265x300.jpg 265w, https:\/\/www.bthv.de\/blog\/wp-content\/uploads\/2014\/10\/Foerderkreis-905x1024.jpg 905w\" sizes=\"auto, (max-width: 265px) 100vw, 265px\" \/><\/a>Jetzt gibt es ihn endlich offiziell, den F\u00f6rderkreis im BTHV!<\/p>\n<p>Am 22. Oktober 2014 war das erste Treffen des F\u00f6rderkreises, bei dem wir viele Ideen gesammelt haben, uns ausgetauscht haben und eine erste Marschroute f\u00fcr die n\u00e4chsten Wochen festgelegt haben.<\/p>\n<p>Wer gerne mehr dazu wissen m\u00f6chte, kann sich jederzeit per Mail an uns wenden, uns ansprechen oder einfach zum n\u00e4chsten Treffen am 23.\u00a0April 2015 ab 19 Uhr bei Str\u00e4ter\u2018s kommen. Wir freuen uns!<\/p>\n<p><a href=\"https:\/\/www.bthv.de\/blog\/wp-content\/uploads\/2014\/12\/Erstes-Imagepartnertreffen-BTHV.pdf\">Bericht \u00fcber 1. ImagePartner-Treffen im BTHV am Sonntag, den 30. November 2014<\/a><\/p>\n<p><a title=\"Nachlese Imagepartnertreffen am 30.11.2014\" href=\"https:\/\/www.bthv.de\/blog\/forderkreis\/nachlese-imagepartnertreffen-am-30-11-2014\">Nachlese zum 2. ImagePartner-Treffen<\/a><\/p>\n<p><span style=\"color: #000000; font-weight: bold;\">Und an dieser Stelle schon einmal zwei Grunds\u00e4tze des F\u00f6rderkreises, die uns sowohl Herzenssache, als auch Verpflichtung sind.<\/span><\/p>\n<ol>\n<li>Alle Gelder, die auf das Konto des F\u00f6rderkreises flie\u00dfen, gehen 1:1 in die Projekte, die sich die Mitglieder des Vereines w\u00fcnschen. Es entstehen keine Verwaltungskosten.<\/li>\n<li>Es ist der oberste Wunsch des F\u00f6rderkreises, es allen Kindern, Jugendlichen und Erwachsenen zu erm\u00f6glichen, Mitglied unseres Vereines und Teil der BTHV-Familie zu sein oder zu werden und eine der beiden Sportarten Tennis oder Hockey aus\u00fcben zu k\u00f6nnen. Es soll auch niemand aus finanziellen Gr\u00fcnden etwa an einem Turnier oder an einem Club-Event nicht teilnehmen k\u00f6nnen. Ebenso darf eine vollst\u00e4ndige Ausr\u00fcstung nicht an mangelnden finanziellen M\u00f6glichkeiten scheitern. Deshalb bitten wir herzlich und ganz besonders darum, sich vertrauensvoll an uns zu wenden, wenn irgendwo finanzielle Unterst\u00fctzung ben\u00f6tigt wird. Selbstverst\u00e4ndlich wird dies vertraulich behandelt.<\/li>\n<\/ol>\n<p><span style=\"text-align: justify;\">F\u00fcr das F\u00f6rderkreisteam<\/span><\/p>\n<p style=\"text-align: justify;\">Verena Fausten, Grit Ge\u00dfler, Ebba Herfs-R\u00f6ttgen<br \/>\nund f\u00fcr den Vorstand Stefanie Torno und Andreas Stumpf<\/p>\n<p style=\"text-align: justify;\"><a href=\"https:\/\/www.bthv.de\/blog\/wp-content\/uploads\/2014\/10\/BTHV-Foerderkreis-Flyer.pdf\">Flyer mit Beitrittserkl\u00e4rung<\/a><\/p>\n<p style=\"text-align: justify;\">Ihr erreicht den F\u00f6rderkreis f\u00fcr Fragen unter <a href=\"mailto:foerderkreis@bthv.de\">foerderkreis@bthv.de<\/a><\/p>\n<h1 style=\"text-align: justify;\">Termine:<\/h1>\n<p style=\"text-align: justify;\">N\u00e4chstes Treffen des F\u00f6rderkreises am Donnerstag, 03. Dezember 2015 19:30 bei Str\u00e4ters, BTHV Gastronomie<\/p>\n<h1 style=\"text-align: justify;\">Wunschliste:<\/h1>\n<p style=\"text-align: justify;\"><a title=\"F\u00f6rderkreis \u2013 Wunschliste\" href=\"https:\/\/www.bthv.de\/blog\/forderkreis-wunschliste\">Hier finden Sie die geplanten Projekte des F\u00f6rderkreises<\/a><\/p>\n<h1 style=\"text-align: justify;\">Kontonummer f\u00fcr Ihre Spenden und Beitr\u00e4ge<\/h1>\n<p style=\"text-align: justify;\">Sparkasse K\u00f6lnBonn<\/p>\n<p style=\"text-align: justify;\">BIC COLSDE33XXX<\/p>\n<p style=\"text-align: justify;\">IBAN DE64 370 501 98 193 220 6186<\/p>\n","protected":false},"excerpt":{"rendered":"<p>Jetzt gibt es ihn endlich offiziell, den F\u00f6rderkreis im BTHV! Am 22. Oktober 2014 war das erste Treffen des F\u00f6rderkreises, bei dem wir viele Ideen gesammelt haben, uns ausgetauscht haben und eine erste Marschroute f\u00fcr die n\u00e4chsten Wochen festgelegt haben. &hellip; <a href=\"https:\/\/www.bthv.de\/blog\/bthv-forderkreis\">Weiterlesen <span class=\"meta-nav\">&rarr;<\/span><\/a><\/p>\n","protected":false},"author":3,"featured_media":0,"parent":0,"menu_order":0,"comment_status":"closed","ping_status":"closed","template":"sidebar-page.php","meta":{"ngg_post_thumbnail":0,"footnotes":""},"class_list":["post-12894","page","type-page","status-publish","hentry"],"_links":{"self":[{"href":"https:\/\/www.bthv.de\/blog\/wp-json\/wp\/v2\/pages\/12894","targetHints":{"allow":["GET"]}}],"collection":[{"href":"https:\/\/www.bthv.de\/blog\/wp-json\/wp\/v2\/pages"}],"about":[{"href":"https:\/\/www.bthv.de\/blog\/wp-json\/wp\/v2\/types\/page"}],"author":[{"embeddable":true,"href":"https:\/\/www.bthv.de\/blog\/wp-json\/wp\/v2\/users\/3"}],"replies":[{"embeddable":true,"href":"https:\/\/www.bthv.de\/blog\/wp-json\/wp\/v2\/comments?post=12894"}],"version-history":[{"count":2,"href":"https:\/\/www.bthv.de\/blog\/wp-json\/wp\/v2\/pages\/12894\/revisions"}],"predecessor-version":[{"id":16989,"href":"https:\/\/www.bthv.de\/blog\/wp-json\/wp\/v2\/pages\/12894\/revisions\/16989"}],"wp:attachment":[{"href":"https:\/\/www.bthv.de\/blog\/wp-json\/wp\/v2\/media?parent=12894"}],"curies":[{"name":"wp","href":"https:\/\/api.w.org\/{rel}","templated":true}]}}